{"id":1179,"date":"2024-04-15T14:56:27","date_gmt":"2024-04-15T11:56:27","guid":{"rendered":"http:\/\/www.turunua.net\/site\/?page_id=1179"},"modified":"2024-04-15T14:56:30","modified_gmt":"2024-04-15T11:56:30","slug":"digitaalinen-autourheilu","status":"publish","type":"page","link":"https:\/\/www.turunua.net\/site\/digitaalinen-autourheilu\/","title":{"rendered":"Digitaalinen autourheilu"},"content":{"rendered":"\n<p>Digitaalinen autourheilu on yksi autourheilun virallisista lajeista. Se on eritt\u00e4in monipuolista ja edullista sek\u00e4 yksi luontoyst\u00e4v\u00e4llisimmist\u00e4 moottoriurheilun muodoista, joka nimens\u00e4 mukaisesti tapahtuu digitaalisesti, verkon v\u00e4lityksell\u00e4&nbsp;virtuaaliymp\u00e4rist\u00f6ss\u00e4, joten&nbsp;mukaan p\u00e4\u00e4see&nbsp;kotoa k\u00e4sin. Laji&nbsp;mahdollistaa&nbsp;kaikkea, aina&nbsp;harrastamisesta ammattitason kilpailemiseen ja&nbsp;virkist\u00e4v\u00e4\u00e4n&nbsp;hauskanpitoon.&nbsp;<\/p>\n\n\n\n<p>Laji tarjoaa harrastajille kattavan ja monipuolisen valikoiman niin laitteistojen (joko&nbsp;pelikonsolit tai tietokone) kuin lajienkin osalta.&nbsp;Autourheilun eri luokkia l\u00f6ytyy digitaalisesti esim.&nbsp;rallista, rallicrossista, rata-autoilusta ja jokkiksesta.&nbsp;<\/p>\n\n\n\n<p>Kilpailla voi ns.\u00a0tavallisella peliohjaimella, mutta digitaaliseen autourheiluun yhdistet\u00e4\u00e4n vahvasti ratti-poljin-yhdistelm\u00e4n k\u00e4ytt\u00f6, mahdollisimman todellisen ajokokemuksen aikaansaamiseksi.\u00a0Halvimmillaan ratti-poljin-yhdistelm\u00e4n saa muutamalla\u00a0sadalla eurolla, mutta halutessaan l\u00e4hes t\u00e4ysin\u00a0realistisen ajotuntumaan, laitteet voivat\u00a0maksaa\u00a0tuhansia euroja. <\/p>\n\n\n\n<p>Ammattimaisimmalla tasolla digitaalisessa autourheilussa kilpaillaan internet-pohjaisella iRacing-simulaattorilla, joka\u00a0edustaa uusinta simulaattoriteknologiaa.\u00a0<\/p>\n\n\n\n<p>AKK:n alaisuudessa j\u00e4rjestet\u00e4\u00e4n suomenmestaruus-, Cup-, kansallisen tason sek\u00e4 seurojen v\u00e4lisi\u00e4 kilpasarjoja.<\/p>\n\n\n\n<p>Sarjoihin osallistujilta vaaditaan jokin seuraavista lisensseist\u00e4 ja AKK:n alaisen seuran j\u00e4senyys<br>&#8211; AKK Motorsport ry:n digitaalisen autourheilun lisenssi (5\u20ac)<br>&#8211; Jokin muu AKK:n\u00a0alainen kilpailijalisenssi<\/p>\n","protected":false},"excerpt":{"rendered":"<p>Digitaalinen autourheilu on yksi autourheilun virallisista lajeista. Se on eritt\u00e4in monipuolista ja edullista sek\u00e4 yksi luontoyst\u00e4v\u00e4llisimmist\u00e4 moottoriurheilun muodoista, joka nimens\u00e4 mukaisesti tapahtuu digitaalisesti, verkon v\u00e4lityksell\u00e4&nbsp;virtuaaliymp\u00e4rist\u00f6ss\u00e4, joten&nbsp;mukaan p\u00e4\u00e4see&nbsp;kotoa k\u00e4sin. Laji&nbsp;mahdollistaa&nbsp;kaikkea, aina&nbsp;harrastamisesta ammattitason kilpailemiseen ja&nbsp;virkist\u00e4v\u00e4\u00e4n&nbsp;hauskanpitoon.&nbsp; Laji tarjoaa harrastajille kattavan ja monipuolisen valikoiman &hellip; <a href=\"https:\/\/www.turunua.net\/site\/digitaalinen-autourheilu\/\">Lue loppuun <span class=\"meta-nav\">&rarr;<\/span><\/a><\/p>\n","protected":false},"author":4,"featured_media":0,"parent":0,"menu_order":0,"comment_status":"closed","ping_status":"closed","template":"","meta":{"footnotes":""},"class_list":["post-1179","page","type-page","status-publish","hentry"],"yoast_head":"<!-- This site is optimized with the Yoast SEO plugin v27.5 - https:\/\/yoast.com\/product\/yoast-seo-wordpress\/ -->\n<title>Digitaalinen autourheilu - Turun Urheiluautoilijat ry<\/title>\n<meta name=\"robots\" content=\"index, follow, max-snippet:-1, max-image-preview:large, max-video-preview:-1\" \/>\n<link rel=\"canonical\" href=\"https:\/\/www.turunua.net\/site\/digitaalinen-autourheilu\/\" \/>\n<meta property=\"og:locale\" content=\"fi_FI\" \/>\n<meta property=\"og:type\" content=\"article\" \/>\n<meta property=\"og:title\" content=\"Digitaalinen autourheilu - Turun Urheiluautoilijat ry\" \/>\n<meta property=\"og:description\" content=\"Digitaalinen autourheilu on yksi autourheilun virallisista lajeista. Se on eritt\u00e4in monipuolista ja edullista sek\u00e4 yksi luontoyst\u00e4v\u00e4llisimmist\u00e4 moottoriurheilun muodoista, joka nimens\u00e4 mukaisesti tapahtuu digitaalisesti, verkon v\u00e4lityksell\u00e4&nbsp;virtuaaliymp\u00e4rist\u00f6ss\u00e4, joten&nbsp;mukaan p\u00e4\u00e4see&nbsp;kotoa k\u00e4sin. Laji&nbsp;mahdollistaa&nbsp;kaikkea, aina&nbsp;harrastamisesta ammattitason kilpailemiseen ja&nbsp;virkist\u00e4v\u00e4\u00e4n&nbsp;hauskanpitoon.&nbsp; Laji tarjoaa harrastajille kattavan ja monipuolisen valikoiman &hellip; Lue loppuun &rarr;\" \/>\n<meta property=\"og:url\" content=\"https:\/\/www.turunua.net\/site\/digitaalinen-autourheilu\/\" \/>\n<meta property=\"og:site_name\" content=\"Turun Urheiluautoilijat ry\" \/>\n<meta property=\"article:modified_time\" content=\"2024-04-15T11:56:30+00:00\" \/>\n<meta name=\"twitter:card\" content=\"summary_large_image\" \/>\n<meta name=\"twitter:label1\" content=\"Arvioitu lukuaika\" \/>\n\t<meta name=\"twitter:data1\" content=\"1 minuutti\" \/>\n<script type=\"application\/ld+json\" class=\"yoast-schema-graph\">{\"@context\":\"https:\\\/\\\/schema.org\",\"@graph\":[{\"@type\":\"WebPage\",\"@id\":\"https:\\\/\\\/www.turunua.net\\\/site\\\/digitaalinen-autourheilu\\\/\",\"url\":\"https:\\\/\\\/www.turunua.net\\\/site\\\/digitaalinen-autourheilu\\\/\",\"name\":\"Digitaalinen autourheilu - Turun Urheiluautoilijat ry\",\"isPartOf\":{\"@id\":\"https:\\\/\\\/www.turunua.net\\\/site\\\/#website\"},\"datePublished\":\"2024-04-15T11:56:27+00:00\",\"dateModified\":\"2024-04-15T11:56:30+00:00\",\"breadcrumb\":{\"@id\":\"https:\\\/\\\/www.turunua.net\\\/site\\\/digitaalinen-autourheilu\\\/#breadcrumb\"},\"inLanguage\":\"fi\",\"potentialAction\":[{\"@type\":\"ReadAction\",\"target\":[\"https:\\\/\\\/www.turunua.net\\\/site\\\/digitaalinen-autourheilu\\\/\"]}]},{\"@type\":\"BreadcrumbList\",\"@id\":\"https:\\\/\\\/www.turunua.net\\\/site\\\/digitaalinen-autourheilu\\\/#breadcrumb\",\"itemListElement\":[{\"@type\":\"ListItem\",\"position\":1,\"name\":\"Etusivu\",\"item\":\"https:\\\/\\\/www.turunua.net\\\/site\\\/\"},{\"@type\":\"ListItem\",\"position\":2,\"name\":\"Digitaalinen autourheilu\"}]},{\"@type\":\"WebSite\",\"@id\":\"https:\\\/\\\/www.turunua.net\\\/site\\\/#website\",\"url\":\"https:\\\/\\\/www.turunua.net\\\/site\\\/\",\"name\":\"Turun Urheiluautoilijat ry\",\"description\":\"\",\"potentialAction\":[{\"@type\":\"SearchAction\",\"target\":{\"@type\":\"EntryPoint\",\"urlTemplate\":\"https:\\\/\\\/www.turunua.net\\\/site\\\/?s={search_term_string}\"},\"query-input\":{\"@type\":\"PropertyValueSpecification\",\"valueRequired\":true,\"valueName\":\"search_term_string\"}}],\"inLanguage\":\"fi\"}]}<\/script>\n<!-- \/ Yoast SEO plugin. -->","yoast_head_json":{"title":"Digitaalinen autourheilu - Turun Urheiluautoilijat ry","robots":{"index":"index","follow":"follow","max-snippet":"max-snippet:-1","max-image-preview":"max-image-preview:large","max-video-preview":"max-video-preview:-1"},"canonical":"https:\/\/www.turunua.net\/site\/digitaalinen-autourheilu\/","og_locale":"fi_FI","og_type":"article","og_title":"Digitaalinen autourheilu - Turun Urheiluautoilijat ry","og_description":"Digitaalinen autourheilu on yksi autourheilun virallisista lajeista. Se on eritt\u00e4in monipuolista ja edullista sek\u00e4 yksi luontoyst\u00e4v\u00e4llisimmist\u00e4 moottoriurheilun muodoista, joka nimens\u00e4 mukaisesti tapahtuu digitaalisesti, verkon v\u00e4lityksell\u00e4&nbsp;virtuaaliymp\u00e4rist\u00f6ss\u00e4, joten&nbsp;mukaan p\u00e4\u00e4see&nbsp;kotoa k\u00e4sin. Laji&nbsp;mahdollistaa&nbsp;kaikkea, aina&nbsp;harrastamisesta ammattitason kilpailemiseen ja&nbsp;virkist\u00e4v\u00e4\u00e4n&nbsp;hauskanpitoon.&nbsp; Laji tarjoaa harrastajille kattavan ja monipuolisen valikoiman &hellip; Lue loppuun &rarr;","og_url":"https:\/\/www.turunua.net\/site\/digitaalinen-autourheilu\/","og_site_name":"Turun Urheiluautoilijat ry","article_modified_time":"2024-04-15T11:56:30+00:00","twitter_card":"summary_large_image","twitter_misc":{"Arvioitu lukuaika":"1 minuutti"},"schema":{"@context":"https:\/\/schema.org","@graph":[{"@type":"WebPage","@id":"https:\/\/www.turunua.net\/site\/digitaalinen-autourheilu\/","url":"https:\/\/www.turunua.net\/site\/digitaalinen-autourheilu\/","name":"Digitaalinen autourheilu - Turun Urheiluautoilijat ry","isPartOf":{"@id":"https:\/\/www.turunua.net\/site\/#website"},"datePublished":"2024-04-15T11:56:27+00:00","dateModified":"2024-04-15T11:56:30+00:00","breadcrumb":{"@id":"https:\/\/www.turunua.net\/site\/digitaalinen-autourheilu\/#breadcrumb"},"inLanguage":"fi","potentialAction":[{"@type":"ReadAction","target":["https:\/\/www.turunua.net\/site\/digitaalinen-autourheilu\/"]}]},{"@type":"BreadcrumbList","@id":"https:\/\/www.turunua.net\/site\/digitaalinen-autourheilu\/#breadcrumb","itemListElement":[{"@type":"ListItem","position":1,"name":"Etusivu","item":"https:\/\/www.turunua.net\/site\/"},{"@type":"ListItem","position":2,"name":"Digitaalinen autourheilu"}]},{"@type":"WebSite","@id":"https:\/\/www.turunua.net\/site\/#website","url":"https:\/\/www.turunua.net\/site\/","name":"Turun Urheiluautoilijat ry","description":"","potentialAction":[{"@type":"SearchAction","target":{"@type":"EntryPoint","urlTemplate":"https:\/\/www.turunua.net\/site\/?s={search_term_string}"},"query-input":{"@type":"PropertyValueSpecification","valueRequired":true,"valueName":"search_term_string"}}],"inLanguage":"fi"}]}},"_links":{"self":[{"href":"https:\/\/www.turunua.net\/site\/wp-json\/wp\/v2\/pages\/1179","targetHints":{"allow":["GET"]}}],"collection":[{"href":"https:\/\/www.turunua.net\/site\/wp-json\/wp\/v2\/pages"}],"about":[{"href":"https:\/\/www.turunua.net\/site\/wp-json\/wp\/v2\/types\/page"}],"author":[{"embeddable":true,"href":"https:\/\/www.turunua.net\/site\/wp-json\/wp\/v2\/users\/4"}],"replies":[{"embeddable":true,"href":"https:\/\/www.turunua.net\/site\/wp-json\/wp\/v2\/comments?post=1179"}],"version-history":[{"count":1,"href":"https:\/\/www.turunua.net\/site\/wp-json\/wp\/v2\/pages\/1179\/revisions"}],"predecessor-version":[{"id":1181,"href":"https:\/\/www.turunua.net\/site\/wp-json\/wp\/v2\/pages\/1179\/revisions\/1181"}],"wp:attachment":[{"href":"https:\/\/www.turunua.net\/site\/wp-json\/wp\/v2\/media?parent=1179"}],"curies":[{"name":"wp","href":"https:\/\/api.w.org\/{rel}","templated":true}]}}