{"id":118,"date":"2020-12-09T00:22:01","date_gmt":"2020-12-08T22:22:01","guid":{"rendered":"http:\/\/www.turunua.net\/site\/?page_id=118"},"modified":"2021-08-05T12:44:38","modified_gmt":"2021-08-05T09:44:38","slug":"lajit","status":"publish","type":"page","link":"https:\/\/www.turunua.net\/site\/lajit\/","title":{"rendered":"Lajit"},"content":{"rendered":"<h1>Autourheilua monissa eri muodoissa<\/h1>\n<p>AKK-Motorsportin j\u00e4senet harrastavat lukuisia eri autourheilulajeja. Lajien suosio vaihtelee aikakausittain ja alueittain uusien lajien ilmestyess\u00e4 mukaan ja toisten suosion v\u00e4hetess\u00e4. T\u00e4ll\u00e4 hetkell\u00e4 suurimpia harrastajam\u00e4\u00e4r\u00e4lt\u00e4\u00e4n ovat ralli ja jokamiehenluokka. Varmaa kuitenkin on, ett\u00e4 eri muodoista jokainen l\u00f6yt\u00e4\u00e4 haluamansa.<\/p>\n<p>Autourheiluharrastuksen aloittamiseen ei tarvita edes ajokorttia, nuorison suosituimpia lajeja ovatkin pienoisautoilu ja karting. Kun kiinnostut jostain lajista, ota yhteytt\u00e4 oman alueesi seuraan ja pyyd\u00e4 lis\u00e4tietoja harrastusmahdollisuuksista.<\/p>\n<h1>Kuinka mukaan autourheilutoimintaan?<\/h1>\n<p>Kaasujalkaa kutittaa \u2013 aloittaisinko autourheiluharrastuksen?<\/p>\n<p>Autourheilu on vauhdikas, turvallinen ja mukaansa tempaava harrastus kaiken ik\u00e4isille. Laajan lajikirjon my\u00f6t\u00e4 harrastusmahdollisuuksia ja -muotoja on lukuisia, eik\u00e4 harrastaminen rajoitu pelk\u00e4st\u00e4\u00e4n ajamiseen \u2013 autourheilua voi harrastaa my\u00f6s toimitsijana, mekaanikkona, valmentajana, huoltajana, kouluttajana, seuratoimijana \u2013 vaihtoehdot eiv\u00e4t lopu kesken.<\/p>\n<h1>Autourheiluseurat \u2013 toiminnan ytimess\u00e4<\/h1>\n<p>Autourheiluharrastuksen ytimess\u00e4 ovat autourheiluseurat. Kilpailun j\u00e4rjest\u00e4misen ohella suuri osa seuroista hallinnoi ja py\u00f6ritt\u00e4\u00e4 paikallista suorituspaikkaa mahdollistaen lajin harrastamiselle puitteet \u2013 olosuhteet, toimintaymp\u00e4rist\u00f6n ja yhteis\u00f6n. Harrastuksen ensimetreill\u00e4 onkin hyv\u00e4 olla jo heti yhteydess\u00e4 paikalliseen seuraan. Heilt\u00e4 saat lis\u00e4tietoa harrastusmahdollisuuksista ja toiminnasta l\u00e4hialueellasi. L\u00e4himm\u00e4n autourheiluseuran voit tarkistaa autourheilun lajiliitto AKK-Motorsport ry:n kotisivuilta osoitteesta <a href=\"http:\/\/www.autourheilu.fi\/\">autourheilu.fi<\/a>.<\/p>\n<h1>Nuoriso<\/h1>\n<p>Autourheilun nuorisotoiminta on koko perheen yhteinen harrastus. Autourheilun voi aloittaa jo 6-7 -vuotiaana joko kartingin tai pienoisautoilun parissa. Muissa nuorisolajeissa kuljettajan ik\u00e4 m\u00e4\u00e4rittelee, milloin harrastus- ja kilpailutoiminnan voi aloittaa. Suurimmassa osassa nuorisolajeista kilpailutoiminnan voi aloittaa sin\u00e4 vuonna, kun t\u00e4ytt\u00e4\u00e4 15 vuotta. My\u00f6s mopoautoille on alettu j\u00e4rjest\u00e4m\u00e4\u00e4n omia tapahtumia seurojen toimesta. Autourheilun erityispiirteen\u00e4 on, ett\u00e4 tyt\u00f6t ja pojat kilpailevat samoissa sarjoissa ja kilpailuluokissa.<\/p>\n<p>Autourheiluseurojen j\u00e4rjest\u00e4m\u00e4t tutustumisp\u00e4iv\u00e4t ovat hyv\u00e4 tapa kokeilla ja tutustua itse\u00e4 kiinnostavaan lajiin. Autourheiluharrastus on my\u00f6s edullisempaa, kuin moni luulee. Esimerkiksi useimmat karting-seurat tarjoavat aloitteleville harrastajille seuran puolesta kalustoa, jota voi lainata seuran ratailloissa. My\u00f6s ratamaksut ovat yleisesti ottaen edullisia. Maksujen suuruus vaihtelee suorituspaikasta riippuen.<\/p>\n<h1>Aikuiset<\/h1>\n<p>Jos ik\u00e4\u00e4 on jo mittarissa hieman enemm\u00e4n, niin ei h\u00e4t\u00e4\u00e4. Autourheiluharrastuksen aloittaminen aikuisi\u00e4ll\u00e4 on pikemminkin s\u00e4\u00e4nt\u00f6 kuin poikkeus. Lajivalikoima on laajimmillaan yli 18-vuotiaille harrastajille ja my\u00f6s kartingista l\u00f6ytyy aikuisharrastesarjoja ja -kilpailuja. Harrastamisen voi aloittaa my\u00f6s kaveriporukan yhteisen\u00e4 tekemisen\u00e4 joukkuelajeissa kuten endurancessa. Harrastajam\u00e4\u00e4rilt\u00e4\u00e4n suurimpia lajeja ovat jokamiehenluokka, rallisprint ja ralli.<\/p>\n<h1>Toimitsija<\/h1>\n<p>Kilpailutoimitsijana toimiminen on oiva tapa harrastaa autourheilua joko ajamisen ohella tai sen sijaan. Autourheiluseurat tarjoavat toimitsijateht\u00e4viin peruskoulutusta, jonka j\u00e4lkeen on helppo l\u00e4hte\u00e4 mukaan kilpailuihin ja tapahtumiin. Toimitsijauralla voi edet\u00e4 kansallisen p\u00e4\u00e4toimitsijatason kautta aina kansainv\u00e4lisiin teht\u00e4viin saakka, jos intoa riitt\u00e4\u00e4. Aikaisempaa kokemusta autourheilusta ei tarvitse olla. Lajiliiton toimesta vuositasolla j\u00e4rjestet\u00e4\u00e4n erilaisia toimitsija- ja seuratoiminnan koulutuksia noin 100 tilaisuutta vuosittain. AKK:n nettisivuilla koulutuskalenterista l\u00f6yd\u00e4t tulevat koulutukset sek\u00e4 ilmoittautumisohjeet.<\/p>\n<p>Olipa kiinnostuksesi kohde sitten ajaminen, huoltaminen tai kilpailujen j\u00e4rjest\u00e4minen, mukavaa tekemist\u00e4 riitt\u00e4\u00e4 kaikille!<\/p>\n<p>Autourheilu on el\u00e4mys \u2013 tule mukaan!<\/p>\n<p>L\u00e4hde: <a href=\"http:\/\/www.autourheilu.fi\/\">autourheilu.fi<\/a><\/p>\n","protected":false},"excerpt":{"rendered":"<p>Autourheilua monissa eri muodoissa AKK-Motorsportin j\u00e4senet harrastavat lukuisia eri autourheilulajeja. Lajien suosio vaihtelee aikakausittain ja alueittain uusien lajien ilmestyess\u00e4 mukaan ja toisten suosion v\u00e4hetess\u00e4. T\u00e4ll\u00e4 hetkell\u00e4 suurimpia harrastajam\u00e4\u00e4r\u00e4lt\u00e4\u00e4n ovat ralli ja jokamiehenluokka. Varmaa kuitenkin on, ett\u00e4 eri muodoista jokainen l\u00f6yt\u00e4\u00e4 &hellip; <a href=\"https:\/\/www.turunua.net\/site\/lajit\/\">Lue loppuun <span class=\"meta-nav\">&rarr;<\/span><\/a><\/p>\n","protected":false},"author":4,"featured_media":0,"parent":0,"menu_order":0,"comment_status":"closed","ping_status":"closed","template":"","meta":{"footnotes":""},"class_list":["post-118","page","type-page","status-publish","hentry"],"yoast_head":"<!-- This site is optimized with the Yoast SEO plugin v27.5 - https:\/\/yoast.com\/product\/yoast-seo-wordpress\/ -->\n<title>Lajit - Turun Urheiluautoilijat ry<\/title>\n<meta name=\"robots\" content=\"index, follow, max-snippet:-1, max-image-preview:large, max-video-preview:-1\" \/>\n<link rel=\"canonical\" href=\"https:\/\/www.turunua.net\/site\/lajit\/\" \/>\n<meta property=\"og:locale\" content=\"fi_FI\" \/>\n<meta property=\"og:type\" content=\"article\" \/>\n<meta property=\"og:title\" content=\"Lajit - Turun Urheiluautoilijat ry\" \/>\n<meta property=\"og:description\" content=\"Autourheilua monissa eri muodoissa AKK-Motorsportin j\u00e4senet harrastavat lukuisia eri autourheilulajeja. Lajien suosio vaihtelee aikakausittain ja alueittain uusien lajien ilmestyess\u00e4 mukaan ja toisten suosion v\u00e4hetess\u00e4. T\u00e4ll\u00e4 hetkell\u00e4 suurimpia harrastajam\u00e4\u00e4r\u00e4lt\u00e4\u00e4n ovat ralli ja jokamiehenluokka. Varmaa kuitenkin on, ett\u00e4 eri muodoista jokainen l\u00f6yt\u00e4\u00e4 &hellip; Lue loppuun &rarr;\" \/>\n<meta property=\"og:url\" content=\"https:\/\/www.turunua.net\/site\/lajit\/\" \/>\n<meta property=\"og:site_name\" content=\"Turun Urheiluautoilijat ry\" \/>\n<meta property=\"article:modified_time\" content=\"2021-08-05T09:44:38+00:00\" \/>\n<meta name=\"twitter:card\" content=\"summary_large_image\" \/>\n<meta name=\"twitter:label1\" content=\"Arvioitu lukuaika\" \/>\n\t<meta name=\"twitter:data1\" content=\"2 minuuttia\" \/>\n<script type=\"application\/ld+json\" class=\"yoast-schema-graph\">{\"@context\":\"https:\\\/\\\/schema.org\",\"@graph\":[{\"@type\":\"WebPage\",\"@id\":\"https:\\\/\\\/www.turunua.net\\\/site\\\/lajit\\\/\",\"url\":\"https:\\\/\\\/www.turunua.net\\\/site\\\/lajit\\\/\",\"name\":\"Lajit - Turun Urheiluautoilijat ry\",\"isPartOf\":{\"@id\":\"https:\\\/\\\/www.turunua.net\\\/site\\\/#website\"},\"datePublished\":\"2020-12-08T22:22:01+00:00\",\"dateModified\":\"2021-08-05T09:44:38+00:00\",\"breadcrumb\":{\"@id\":\"https:\\\/\\\/www.turunua.net\\\/site\\\/lajit\\\/#breadcrumb\"},\"inLanguage\":\"fi\",\"potentialAction\":[{\"@type\":\"ReadAction\",\"target\":[\"https:\\\/\\\/www.turunua.net\\\/site\\\/lajit\\\/\"]}]},{\"@type\":\"BreadcrumbList\",\"@id\":\"https:\\\/\\\/www.turunua.net\\\/site\\\/lajit\\\/#breadcrumb\",\"itemListElement\":[{\"@type\":\"ListItem\",\"position\":1,\"name\":\"Etusivu\",\"item\":\"https:\\\/\\\/www.turunua.net\\\/site\\\/\"},{\"@type\":\"ListItem\",\"position\":2,\"name\":\"Lajit\"}]},{\"@type\":\"WebSite\",\"@id\":\"https:\\\/\\\/www.turunua.net\\\/site\\\/#website\",\"url\":\"https:\\\/\\\/www.turunua.net\\\/site\\\/\",\"name\":\"Turun Urheiluautoilijat ry\",\"description\":\"\",\"potentialAction\":[{\"@type\":\"SearchAction\",\"target\":{\"@type\":\"EntryPoint\",\"urlTemplate\":\"https:\\\/\\\/www.turunua.net\\\/site\\\/?s={search_term_string}\"},\"query-input\":{\"@type\":\"PropertyValueSpecification\",\"valueRequired\":true,\"valueName\":\"search_term_string\"}}],\"inLanguage\":\"fi\"}]}<\/script>\n<!-- \/ Yoast SEO plugin. -->","yoast_head_json":{"title":"Lajit - Turun Urheiluautoilijat ry","robots":{"index":"index","follow":"follow","max-snippet":"max-snippet:-1","max-image-preview":"max-image-preview:large","max-video-preview":"max-video-preview:-1"},"canonical":"https:\/\/www.turunua.net\/site\/lajit\/","og_locale":"fi_FI","og_type":"article","og_title":"Lajit - Turun Urheiluautoilijat ry","og_description":"Autourheilua monissa eri muodoissa AKK-Motorsportin j\u00e4senet harrastavat lukuisia eri autourheilulajeja. Lajien suosio vaihtelee aikakausittain ja alueittain uusien lajien ilmestyess\u00e4 mukaan ja toisten suosion v\u00e4hetess\u00e4. T\u00e4ll\u00e4 hetkell\u00e4 suurimpia harrastajam\u00e4\u00e4r\u00e4lt\u00e4\u00e4n ovat ralli ja jokamiehenluokka. Varmaa kuitenkin on, ett\u00e4 eri muodoista jokainen l\u00f6yt\u00e4\u00e4 &hellip; Lue loppuun &rarr;","og_url":"https:\/\/www.turunua.net\/site\/lajit\/","og_site_name":"Turun Urheiluautoilijat ry","article_modified_time":"2021-08-05T09:44:38+00:00","twitter_card":"summary_large_image","twitter_misc":{"Arvioitu lukuaika":"2 minuuttia"},"schema":{"@context":"https:\/\/schema.org","@graph":[{"@type":"WebPage","@id":"https:\/\/www.turunua.net\/site\/lajit\/","url":"https:\/\/www.turunua.net\/site\/lajit\/","name":"Lajit - Turun Urheiluautoilijat ry","isPartOf":{"@id":"https:\/\/www.turunua.net\/site\/#website"},"datePublished":"2020-12-08T22:22:01+00:00","dateModified":"2021-08-05T09:44:38+00:00","breadcrumb":{"@id":"https:\/\/www.turunua.net\/site\/lajit\/#breadcrumb"},"inLanguage":"fi","potentialAction":[{"@type":"ReadAction","target":["https:\/\/www.turunua.net\/site\/lajit\/"]}]},{"@type":"BreadcrumbList","@id":"https:\/\/www.turunua.net\/site\/lajit\/#breadcrumb","itemListElement":[{"@type":"ListItem","position":1,"name":"Etusivu","item":"https:\/\/www.turunua.net\/site\/"},{"@type":"ListItem","position":2,"name":"Lajit"}]},{"@type":"WebSite","@id":"https:\/\/www.turunua.net\/site\/#website","url":"https:\/\/www.turunua.net\/site\/","name":"Turun Urheiluautoilijat ry","description":"","potentialAction":[{"@type":"SearchAction","target":{"@type":"EntryPoint","urlTemplate":"https:\/\/www.turunua.net\/site\/?s={search_term_string}"},"query-input":{"@type":"PropertyValueSpecification","valueRequired":true,"valueName":"search_term_string"}}],"inLanguage":"fi"}]}},"_links":{"self":[{"href":"https:\/\/www.turunua.net\/site\/wp-json\/wp\/v2\/pages\/118","targetHints":{"allow":["GET"]}}],"collection":[{"href":"https:\/\/www.turunua.net\/site\/wp-json\/wp\/v2\/pages"}],"about":[{"href":"https:\/\/www.turunua.net\/site\/wp-json\/wp\/v2\/types\/page"}],"author":[{"embeddable":true,"href":"https:\/\/www.turunua.net\/site\/wp-json\/wp\/v2\/users\/4"}],"replies":[{"embeddable":true,"href":"https:\/\/www.turunua.net\/site\/wp-json\/wp\/v2\/comments?post=118"}],"version-history":[{"count":2,"href":"https:\/\/www.turunua.net\/site\/wp-json\/wp\/v2\/pages\/118\/revisions"}],"predecessor-version":[{"id":333,"href":"https:\/\/www.turunua.net\/site\/wp-json\/wp\/v2\/pages\/118\/revisions\/333"}],"wp:attachment":[{"href":"https:\/\/www.turunua.net\/site\/wp-json\/wp\/v2\/media?parent=118"}],"curies":[{"name":"wp","href":"https:\/\/api.w.org\/{rel}","templated":true}]}}