{"id":129,"date":"2020-12-09T00:45:07","date_gmt":"2020-12-08T22:45:07","guid":{"rendered":"http:\/\/www.turunua.net\/site\/?page_id=129"},"modified":"2020-12-09T00:45:07","modified_gmt":"2020-12-08T22:45:07","slug":"rata-ajo","status":"publish","type":"page","link":"https:\/\/www.turunua.net\/site\/rata-ajo\/","title":{"rendered":"Rata-ajo"},"content":{"rendered":"<p><strong>Suomalainen rata-ajo<\/strong>\u00a0on pysynyt vakaalla pohjalla viime vuodet. Suomalaisten jatkuva kansainv\u00e4linen menestys rata-autoilun kuninkuusluokassa Formula 1 -sarjassa takaa lajin mielenkiinnon my\u00f6s kansallisesti. Kartingista kilpailijan uraputki jatkuu usein rata-autoiluun. Rata-ajossa on valittavana mielenkiintoisia formula- ja ns. &#8221;koppiautoluokkia&#8221;. Lajiliiton valmennustoiminta on tuottanut nuoria kuljettajalupauksia menestyksellisesti maailman moottoriradoille jo usean vuoden ajan.<\/p>\n<p><strong>Radat:<\/strong>\u00a0Rata-autoilussa ajetaan Suomessa niin SM- kuin kansallisella tasolla. Kilpailuja j\u00e4rjestet\u00e4\u00e4n vuosittain kymmenkunta. Suomen viisi moottorirataa ovat H\u00e4meenlinnan Ahvenisto, Alastaro, Jurvan Botniaring, Vetelin Kemora sek\u00e4 Virtasalmen Motopark. T\u00e4m\u00e4n lis\u00e4ksi Sein\u00e4joella ajetaan joka vuosi Vauhtiajoja.<\/p>\n<p><strong>Luokat:<\/strong>\u00a0Rata-SM sarjan yhteydess\u00e4 ajetaan SM, CUP ja Trophy luokkien mestaruuksista.<\/p>\n<p>T\u00e4m\u00e4n hetken suosituimpia luokkia ovat Legendsit, V1600 ja BMW-merkkiluokka. Nuorten kuljettajien yhdeksi kehitysportaaksi on noussut V1600 ja Formula Ford.<\/p>\n<p><strong>Kaudella 2015<\/strong>\u00a0ajetaan kokeilul\u00e4ht\u00f6in\u00e4 T1600 luokkaa joka asettuu selke\u00e4sti V1600-luokan yl\u00e4puolelle suorituskyvylt\u00e4\u00e4n. Uusi T1600-luokka toimisi n\u00e4in aiemmin laaditun strategian mukaisesti kuljettajapolulla, kun edet\u00e4\u00e4n V1600-luokasta tehokkaampiin autoihin. Nykyisell\u00e4\u00e4n porras V1600-luokan ja Porsche GT3- tai V8 Thundercar-luokan v\u00e4lill\u00e4 on kohtuuttoman suuri.<\/p>\n<p>Katettujen kilpureiden puolella kansalliset luokat el\u00e4v\u00e4t hyvin aktiivisten harrastajien toimesta. Luokkia on useita ja jokainen rata-autoiluk\u00e4rp\u00e4sen purema harrastaja l\u00f6yt\u00e4\u00e4 varmasti itsellens\u00e4 sopivan luokan kilpailemiseen.<\/p>\n<p>My\u00f6s Historic Race Finlandin j\u00e4rjest\u00e4m\u00e4 oma sarja historic- ja harraste kilpureille ker\u00e4\u00e4 runsaasti hieman i\u00e4kk\u00e4\u00e4mm\u00e4st\u00e4 kalustosta kiinnostuneita harrastajia.<\/p>\n<p><strong>Kuorma-autot:<\/strong>\u00a0Radoilla kilpaillaan my\u00f6s kilpakuorma-autoilla. N\u00e4m\u00e4 ratojen j\u00e4ttil\u00e4iset kilpailevat l\u00e4hinn\u00e4 Alastaron ja Kemoran moottoriradoilla. Aiemmin t\u00e4m\u00e4n luokan suomalaisedustajia kilpaili menestyksekk\u00e4\u00e4sti my\u00f6s kansainv\u00e4lisill\u00e4 radoilla. T\u00e4n\u00e4 p\u00e4iv\u00e4n\u00e4 kilpailusaavutukset ovat keskittyneet l\u00e4hinn\u00e4 kovalle kansalliselle tasolle.<\/p>\n","protected":false},"excerpt":{"rendered":"<p>Suomalainen rata-ajo\u00a0on pysynyt vakaalla pohjalla viime vuodet. Suomalaisten jatkuva kansainv\u00e4linen menestys rata-autoilun kuninkuusluokassa Formula 1 -sarjassa takaa lajin mielenkiinnon my\u00f6s kansallisesti. Kartingista kilpailijan uraputki jatkuu usein rata-autoiluun. Rata-ajossa on valittavana mielenkiintoisia formula- ja ns. &#8221;koppiautoluokkia&#8221;. Lajiliiton valmennustoiminta on tuottanut nuoria &hellip; <a href=\"https:\/\/www.turunua.net\/site\/rata-ajo\/\">Lue loppuun <span class=\"meta-nav\">&rarr;<\/span><\/a><\/p>\n","protected":false},"author":4,"featured_media":0,"parent":0,"menu_order":0,"comment_status":"closed","ping_status":"closed","template":"","meta":{"footnotes":""},"class_list":["post-129","page","type-page","status-publish","hentry"],"yoast_head":"<!-- This site is optimized with the Yoast SEO plugin v27.5 - https:\/\/yoast.com\/product\/yoast-seo-wordpress\/ -->\n<title>Rata-ajo - Turun Urheiluautoilijat ry<\/title>\n<meta name=\"robots\" content=\"index, follow, max-snippet:-1, max-image-preview:large, max-video-preview:-1\" \/>\n<link rel=\"canonical\" href=\"https:\/\/www.turunua.net\/site\/rata-ajo\/\" \/>\n<meta property=\"og:locale\" content=\"fi_FI\" \/>\n<meta property=\"og:type\" content=\"article\" \/>\n<meta property=\"og:title\" content=\"Rata-ajo - Turun Urheiluautoilijat ry\" \/>\n<meta property=\"og:description\" content=\"Suomalainen rata-ajo\u00a0on pysynyt vakaalla pohjalla viime vuodet. Suomalaisten jatkuva kansainv\u00e4linen menestys rata-autoilun kuninkuusluokassa Formula 1 -sarjassa takaa lajin mielenkiinnon my\u00f6s kansallisesti. Kartingista kilpailijan uraputki jatkuu usein rata-autoiluun. Rata-ajossa on valittavana mielenkiintoisia formula- ja ns. &#8221;koppiautoluokkia&#8221;. Lajiliiton valmennustoiminta on tuottanut nuoria &hellip; Lue loppuun &rarr;\" \/>\n<meta property=\"og:url\" content=\"https:\/\/www.turunua.net\/site\/rata-ajo\/\" \/>\n<meta property=\"og:site_name\" content=\"Turun Urheiluautoilijat ry\" \/>\n<meta name=\"twitter:card\" content=\"summary_large_image\" \/>\n<meta name=\"twitter:label1\" content=\"Arvioitu lukuaika\" \/>\n\t<meta name=\"twitter:data1\" content=\"1 minuutti\" \/>\n<script type=\"application\/ld+json\" class=\"yoast-schema-graph\">{\"@context\":\"https:\\\/\\\/schema.org\",\"@graph\":[{\"@type\":\"WebPage\",\"@id\":\"https:\\\/\\\/www.turunua.net\\\/site\\\/rata-ajo\\\/\",\"url\":\"https:\\\/\\\/www.turunua.net\\\/site\\\/rata-ajo\\\/\",\"name\":\"Rata-ajo - Turun Urheiluautoilijat ry\",\"isPartOf\":{\"@id\":\"https:\\\/\\\/www.turunua.net\\\/site\\\/#website\"},\"datePublished\":\"2020-12-08T22:45:07+00:00\",\"breadcrumb\":{\"@id\":\"https:\\\/\\\/www.turunua.net\\\/site\\\/rata-ajo\\\/#breadcrumb\"},\"inLanguage\":\"fi\",\"potentialAction\":[{\"@type\":\"ReadAction\",\"target\":[\"https:\\\/\\\/www.turunua.net\\\/site\\\/rata-ajo\\\/\"]}]},{\"@type\":\"BreadcrumbList\",\"@id\":\"https:\\\/\\\/www.turunua.net\\\/site\\\/rata-ajo\\\/#breadcrumb\",\"itemListElement\":[{\"@type\":\"ListItem\",\"position\":1,\"name\":\"Etusivu\",\"item\":\"https:\\\/\\\/www.turunua.net\\\/site\\\/\"},{\"@type\":\"ListItem\",\"position\":2,\"name\":\"Rata-ajo\"}]},{\"@type\":\"WebSite\",\"@id\":\"https:\\\/\\\/www.turunua.net\\\/site\\\/#website\",\"url\":\"https:\\\/\\\/www.turunua.net\\\/site\\\/\",\"name\":\"Turun Urheiluautoilijat ry\",\"description\":\"\",\"potentialAction\":[{\"@type\":\"SearchAction\",\"target\":{\"@type\":\"EntryPoint\",\"urlTemplate\":\"https:\\\/\\\/www.turunua.net\\\/site\\\/?s={search_term_string}\"},\"query-input\":{\"@type\":\"PropertyValueSpecification\",\"valueRequired\":true,\"valueName\":\"search_term_string\"}}],\"inLanguage\":\"fi\"}]}<\/script>\n<!-- \/ Yoast SEO plugin. -->","yoast_head_json":{"title":"Rata-ajo - Turun Urheiluautoilijat ry","robots":{"index":"index","follow":"follow","max-snippet":"max-snippet:-1","max-image-preview":"max-image-preview:large","max-video-preview":"max-video-preview:-1"},"canonical":"https:\/\/www.turunua.net\/site\/rata-ajo\/","og_locale":"fi_FI","og_type":"article","og_title":"Rata-ajo - Turun Urheiluautoilijat ry","og_description":"Suomalainen rata-ajo\u00a0on pysynyt vakaalla pohjalla viime vuodet. Suomalaisten jatkuva kansainv\u00e4linen menestys rata-autoilun kuninkuusluokassa Formula 1 -sarjassa takaa lajin mielenkiinnon my\u00f6s kansallisesti. Kartingista kilpailijan uraputki jatkuu usein rata-autoiluun. Rata-ajossa on valittavana mielenkiintoisia formula- ja ns. &#8221;koppiautoluokkia&#8221;. Lajiliiton valmennustoiminta on tuottanut nuoria &hellip; Lue loppuun &rarr;","og_url":"https:\/\/www.turunua.net\/site\/rata-ajo\/","og_site_name":"Turun Urheiluautoilijat ry","twitter_card":"summary_large_image","twitter_misc":{"Arvioitu lukuaika":"1 minuutti"},"schema":{"@context":"https:\/\/schema.org","@graph":[{"@type":"WebPage","@id":"https:\/\/www.turunua.net\/site\/rata-ajo\/","url":"https:\/\/www.turunua.net\/site\/rata-ajo\/","name":"Rata-ajo - Turun Urheiluautoilijat ry","isPartOf":{"@id":"https:\/\/www.turunua.net\/site\/#website"},"datePublished":"2020-12-08T22:45:07+00:00","breadcrumb":{"@id":"https:\/\/www.turunua.net\/site\/rata-ajo\/#breadcrumb"},"inLanguage":"fi","potentialAction":[{"@type":"ReadAction","target":["https:\/\/www.turunua.net\/site\/rata-ajo\/"]}]},{"@type":"BreadcrumbList","@id":"https:\/\/www.turunua.net\/site\/rata-ajo\/#breadcrumb","itemListElement":[{"@type":"ListItem","position":1,"name":"Etusivu","item":"https:\/\/www.turunua.net\/site\/"},{"@type":"ListItem","position":2,"name":"Rata-ajo"}]},{"@type":"WebSite","@id":"https:\/\/www.turunua.net\/site\/#website","url":"https:\/\/www.turunua.net\/site\/","name":"Turun Urheiluautoilijat ry","description":"","potentialAction":[{"@type":"SearchAction","target":{"@type":"EntryPoint","urlTemplate":"https:\/\/www.turunua.net\/site\/?s={search_term_string}"},"query-input":{"@type":"PropertyValueSpecification","valueRequired":true,"valueName":"search_term_string"}}],"inLanguage":"fi"}]}},"_links":{"self":[{"href":"https:\/\/www.turunua.net\/site\/wp-json\/wp\/v2\/pages\/129","targetHints":{"allow":["GET"]}}],"collection":[{"href":"https:\/\/www.turunua.net\/site\/wp-json\/wp\/v2\/pages"}],"about":[{"href":"https:\/\/www.turunua.net\/site\/wp-json\/wp\/v2\/types\/page"}],"author":[{"embeddable":true,"href":"https:\/\/www.turunua.net\/site\/wp-json\/wp\/v2\/users\/4"}],"replies":[{"embeddable":true,"href":"https:\/\/www.turunua.net\/site\/wp-json\/wp\/v2\/comments?post=129"}],"version-history":[{"count":1,"href":"https:\/\/www.turunua.net\/site\/wp-json\/wp\/v2\/pages\/129\/revisions"}],"predecessor-version":[{"id":131,"href":"https:\/\/www.turunua.net\/site\/wp-json\/wp\/v2\/pages\/129\/revisions\/131"}],"wp:attachment":[{"href":"https:\/\/www.turunua.net\/site\/wp-json\/wp\/v2\/media?parent=129"}],"curies":[{"name":"wp","href":"https:\/\/api.w.org\/{rel}","templated":true}]}}