{"id":132,"date":"2020-12-09T00:46:04","date_gmt":"2020-12-08T22:46:04","guid":{"rendered":"http:\/\/www.turunua.net\/site\/?page_id=132"},"modified":"2021-08-05T13:58:14","modified_gmt":"2021-08-05T10:58:14","slug":"jokamiehenluokka","status":"publish","type":"page","link":"https:\/\/www.turunua.net\/site\/jokamiehenluokka\/","title":{"rendered":"Jokamiehenluokka"},"content":{"rendered":"<p><strong>Jokamiehenluokka<\/strong>\u00a0eli Jokkis on harrastajam\u00e4\u00e4rilt\u00e4\u00e4n suurin autourheilulaji. Jokkis on edullinen kilpa-autoilu luokka, jonka suhteellisen vapaat tekniset s\u00e4\u00e4nn\u00f6t mahdollistavat kilpailussa k\u00e4ytetyn auton rakentamisen l\u00e4hes kaikista siviili liikenteess\u00e4 k\u00e4ytett\u00e4vist\u00e4 autoista.<\/p>\n<p><strong>Luokalle<\/strong>\u00a0ominainen piirre on, ett\u00e4 kilpailuun osallistuvat autot ovat s\u00e4\u00e4nt\u00f6jen mukaan myyntivelvoitteen alla. N\u00e4in ollen kilpailun j\u00e4lkeen k\u00e4yt\u00e4v\u00e4ss\u00e4 ostotarjousmenettelyss\u00e4, autot ovat kaikkien kilpailijalisenssin ja lajitutkinnon omaavien harrastajien ostettavissa.<\/p>\n<p><strong>Mukaan kilpailemaan p\u00e4\u00e4see<\/strong>\u00a0jo sin\u00e4 vuonna kun t\u00e4ytt\u00e4\u00e4 15 vuotta, suoritettuaan ensin JM-tutkinnon. Tutkinnon voi suorittaa jo sin\u00e4 vuonna kun henkil\u00f6 t\u00e4ytt\u00e4\u00e4 14 vuotta.<br \/>\nNuorten luokassa alle 18-vuotiaat sek\u00e4 pojat ett\u00e4 tyt\u00f6t voivat ajaa yhdess\u00e4. Yleisess\u00e4 luokassa kuljettajan tulee olla 18 vuotta t\u00e4ytt\u00e4nyt. Kaikissa luokissa kuljettajilta vaaditaan tutkinnon lis\u00e4ksi kilpailulisenssi, joka sis\u00e4lt\u00e4\u00e4 kilpailijan tapaturmavakuutuksen.<\/p>\n<p><strong>Radat\u00a0<\/strong>ovat p\u00e4\u00e4osilta soraratoja, joita on hieman alle sata. Muutamia kilpailuja ajetaan my\u00f6s kokonaan asfaltilla eli moottoriradoilla. Talvella ajetaan sek\u00e4 j\u00e4rvien j\u00e4\u00e4ll\u00e4 ett\u00e4 maalle j\u00e4\u00e4dytetyill\u00e4 radoilla.<\/p>\n<p><strong>Kilpailuja j\u00e4rjestet\u00e4\u00e4n<\/strong>\u00a0vuosittain noin 100 eri puolilla maata. Osallistujam\u00e4\u00e4r\u00e4t vaihtelevat 50 kuljettajasta aina yli 400 kuljettajan mammuttikilpailuihin. Lis\u00e4ksi on seurojen omia j\u00e4sentenv\u00e4lisi\u00e4 kilpailuja, joita j\u00e4rjestet\u00e4\u00e4n noin 50. N\u00e4iss\u00e4 kilpailuissa ei vaadita JM-tutkintoa ja tutustumislisenssin voi hankkia kilpailupaikalta omalta seuraltaan.<\/p>\n<p><strong>Huipputasolla ajetaan\u00a0<\/strong>Suomenmestaruuksia kuudessa eri luokassa; Nuoret, Nuoret EVK, Naiset, Yleinen, Yleinen EVK sek\u00e4 Joukkuekilpailussa Liigassa. Jokamiehenluokassa ajetaan my\u00f6s joukkuekilpailuja, kuten JM-SM liiga, jossa ajetaan joukkueiden Suomenmestaruudesta. JM-SM liigassa on mukana vuosittain vaihteleva m\u00e4\u00e4r\u00e4 joukkueita.<\/p>\n<p><strong>Ostotarjousmenettelyss\u00e4<\/strong> t\u00e4ytet\u00e4\u00e4n ja j\u00e4tet\u00e4\u00e4n tarjouksen tekij\u00e4n tiedoilla varustettu ostotarjouskuitti kilpailunj\u00e4rjest\u00e4j\u00e4lle halutusta autosta. Kilpailija voi halutessaan tehd\u00e4 ajamastaan autosta suojatarjouksia. Jos autosta on j\u00e4tetty useampi ostotarjous, suoritetaan arvonta. Ostotarjousmenettelyss\u00e4 auton hinta on 1500 euroa.<\/p>\n","protected":false},"excerpt":{"rendered":"<p>Jokamiehenluokka\u00a0eli Jokkis on harrastajam\u00e4\u00e4rilt\u00e4\u00e4n suurin autourheilulaji. Jokkis on edullinen kilpa-autoilu luokka, jonka suhteellisen vapaat tekniset s\u00e4\u00e4nn\u00f6t mahdollistavat kilpailussa k\u00e4ytetyn auton rakentamisen l\u00e4hes kaikista siviili liikenteess\u00e4 k\u00e4ytett\u00e4vist\u00e4 autoista. Luokalle\u00a0ominainen piirre on, ett\u00e4 kilpailuun osallistuvat autot ovat s\u00e4\u00e4nt\u00f6jen mukaan myyntivelvoitteen alla. N\u00e4in &hellip; <a href=\"https:\/\/www.turunua.net\/site\/jokamiehenluokka\/\">Lue loppuun <span class=\"meta-nav\">&rarr;<\/span><\/a><\/p>\n","protected":false},"author":4,"featured_media":0,"parent":0,"menu_order":0,"comment_status":"closed","ping_status":"closed","template":"","meta":{"footnotes":""},"class_list":["post-132","page","type-page","status-publish","hentry"],"yoast_head":"<!-- This site is optimized with the Yoast SEO plugin v27.5 - https:\/\/yoast.com\/product\/yoast-seo-wordpress\/ -->\n<title>Jokamiehenluokka - Turun Urheiluautoilijat ry<\/title>\n<meta name=\"robots\" content=\"index, follow, max-snippet:-1, max-image-preview:large, max-video-preview:-1\" \/>\n<link rel=\"canonical\" href=\"https:\/\/www.turunua.net\/site\/jokamiehenluokka\/\" \/>\n<meta property=\"og:locale\" content=\"fi_FI\" \/>\n<meta property=\"og:type\" content=\"article\" \/>\n<meta property=\"og:title\" content=\"Jokamiehenluokka - Turun Urheiluautoilijat ry\" \/>\n<meta property=\"og:description\" content=\"Jokamiehenluokka\u00a0eli Jokkis on harrastajam\u00e4\u00e4rilt\u00e4\u00e4n suurin autourheilulaji. Jokkis on edullinen kilpa-autoilu luokka, jonka suhteellisen vapaat tekniset s\u00e4\u00e4nn\u00f6t mahdollistavat kilpailussa k\u00e4ytetyn auton rakentamisen l\u00e4hes kaikista siviili liikenteess\u00e4 k\u00e4ytett\u00e4vist\u00e4 autoista. Luokalle\u00a0ominainen piirre on, ett\u00e4 kilpailuun osallistuvat autot ovat s\u00e4\u00e4nt\u00f6jen mukaan myyntivelvoitteen alla. N\u00e4in &hellip; Lue loppuun &rarr;\" \/>\n<meta property=\"og:url\" content=\"https:\/\/www.turunua.net\/site\/jokamiehenluokka\/\" \/>\n<meta property=\"og:site_name\" content=\"Turun Urheiluautoilijat ry\" \/>\n<meta property=\"article:modified_time\" content=\"2021-08-05T10:58:14+00:00\" \/>\n<meta name=\"twitter:card\" content=\"summary_large_image\" \/>\n<meta name=\"twitter:label1\" content=\"Arvioitu lukuaika\" \/>\n\t<meta name=\"twitter:data1\" content=\"2 minuuttia\" \/>\n<script type=\"application\/ld+json\" class=\"yoast-schema-graph\">{\"@context\":\"https:\\\/\\\/schema.org\",\"@graph\":[{\"@type\":\"WebPage\",\"@id\":\"https:\\\/\\\/www.turunua.net\\\/site\\\/jokamiehenluokka\\\/\",\"url\":\"https:\\\/\\\/www.turunua.net\\\/site\\\/jokamiehenluokka\\\/\",\"name\":\"Jokamiehenluokka - Turun Urheiluautoilijat ry\",\"isPartOf\":{\"@id\":\"https:\\\/\\\/www.turunua.net\\\/site\\\/#website\"},\"datePublished\":\"2020-12-08T22:46:04+00:00\",\"dateModified\":\"2021-08-05T10:58:14+00:00\",\"breadcrumb\":{\"@id\":\"https:\\\/\\\/www.turunua.net\\\/site\\\/jokamiehenluokka\\\/#breadcrumb\"},\"inLanguage\":\"fi\",\"potentialAction\":[{\"@type\":\"ReadAction\",\"target\":[\"https:\\\/\\\/www.turunua.net\\\/site\\\/jokamiehenluokka\\\/\"]}]},{\"@type\":\"BreadcrumbList\",\"@id\":\"https:\\\/\\\/www.turunua.net\\\/site\\\/jokamiehenluokka\\\/#breadcrumb\",\"itemListElement\":[{\"@type\":\"ListItem\",\"position\":1,\"name\":\"Etusivu\",\"item\":\"https:\\\/\\\/www.turunua.net\\\/site\\\/\"},{\"@type\":\"ListItem\",\"position\":2,\"name\":\"Jokamiehenluokka\"}]},{\"@type\":\"WebSite\",\"@id\":\"https:\\\/\\\/www.turunua.net\\\/site\\\/#website\",\"url\":\"https:\\\/\\\/www.turunua.net\\\/site\\\/\",\"name\":\"Turun Urheiluautoilijat ry\",\"description\":\"\",\"potentialAction\":[{\"@type\":\"SearchAction\",\"target\":{\"@type\":\"EntryPoint\",\"urlTemplate\":\"https:\\\/\\\/www.turunua.net\\\/site\\\/?s={search_term_string}\"},\"query-input\":{\"@type\":\"PropertyValueSpecification\",\"valueRequired\":true,\"valueName\":\"search_term_string\"}}],\"inLanguage\":\"fi\"}]}<\/script>\n<!-- \/ Yoast SEO plugin. -->","yoast_head_json":{"title":"Jokamiehenluokka - Turun Urheiluautoilijat ry","robots":{"index":"index","follow":"follow","max-snippet":"max-snippet:-1","max-image-preview":"max-image-preview:large","max-video-preview":"max-video-preview:-1"},"canonical":"https:\/\/www.turunua.net\/site\/jokamiehenluokka\/","og_locale":"fi_FI","og_type":"article","og_title":"Jokamiehenluokka - Turun Urheiluautoilijat ry","og_description":"Jokamiehenluokka\u00a0eli Jokkis on harrastajam\u00e4\u00e4rilt\u00e4\u00e4n suurin autourheilulaji. Jokkis on edullinen kilpa-autoilu luokka, jonka suhteellisen vapaat tekniset s\u00e4\u00e4nn\u00f6t mahdollistavat kilpailussa k\u00e4ytetyn auton rakentamisen l\u00e4hes kaikista siviili liikenteess\u00e4 k\u00e4ytett\u00e4vist\u00e4 autoista. Luokalle\u00a0ominainen piirre on, ett\u00e4 kilpailuun osallistuvat autot ovat s\u00e4\u00e4nt\u00f6jen mukaan myyntivelvoitteen alla. N\u00e4in &hellip; Lue loppuun &rarr;","og_url":"https:\/\/www.turunua.net\/site\/jokamiehenluokka\/","og_site_name":"Turun Urheiluautoilijat ry","article_modified_time":"2021-08-05T10:58:14+00:00","twitter_card":"summary_large_image","twitter_misc":{"Arvioitu lukuaika":"2 minuuttia"},"schema":{"@context":"https:\/\/schema.org","@graph":[{"@type":"WebPage","@id":"https:\/\/www.turunua.net\/site\/jokamiehenluokka\/","url":"https:\/\/www.turunua.net\/site\/jokamiehenluokka\/","name":"Jokamiehenluokka - Turun Urheiluautoilijat ry","isPartOf":{"@id":"https:\/\/www.turunua.net\/site\/#website"},"datePublished":"2020-12-08T22:46:04+00:00","dateModified":"2021-08-05T10:58:14+00:00","breadcrumb":{"@id":"https:\/\/www.turunua.net\/site\/jokamiehenluokka\/#breadcrumb"},"inLanguage":"fi","potentialAction":[{"@type":"ReadAction","target":["https:\/\/www.turunua.net\/site\/jokamiehenluokka\/"]}]},{"@type":"BreadcrumbList","@id":"https:\/\/www.turunua.net\/site\/jokamiehenluokka\/#breadcrumb","itemListElement":[{"@type":"ListItem","position":1,"name":"Etusivu","item":"https:\/\/www.turunua.net\/site\/"},{"@type":"ListItem","position":2,"name":"Jokamiehenluokka"}]},{"@type":"WebSite","@id":"https:\/\/www.turunua.net\/site\/#website","url":"https:\/\/www.turunua.net\/site\/","name":"Turun Urheiluautoilijat ry","description":"","potentialAction":[{"@type":"SearchAction","target":{"@type":"EntryPoint","urlTemplate":"https:\/\/www.turunua.net\/site\/?s={search_term_string}"},"query-input":{"@type":"PropertyValueSpecification","valueRequired":true,"valueName":"search_term_string"}}],"inLanguage":"fi"}]}},"_links":{"self":[{"href":"https:\/\/www.turunua.net\/site\/wp-json\/wp\/v2\/pages\/132","targetHints":{"allow":["GET"]}}],"collection":[{"href":"https:\/\/www.turunua.net\/site\/wp-json\/wp\/v2\/pages"}],"about":[{"href":"https:\/\/www.turunua.net\/site\/wp-json\/wp\/v2\/types\/page"}],"author":[{"embeddable":true,"href":"https:\/\/www.turunua.net\/site\/wp-json\/wp\/v2\/users\/4"}],"replies":[{"embeddable":true,"href":"https:\/\/www.turunua.net\/site\/wp-json\/wp\/v2\/comments?post=132"}],"version-history":[{"count":2,"href":"https:\/\/www.turunua.net\/site\/wp-json\/wp\/v2\/pages\/132\/revisions"}],"predecessor-version":[{"id":343,"href":"https:\/\/www.turunua.net\/site\/wp-json\/wp\/v2\/pages\/132\/revisions\/343"}],"wp:attachment":[{"href":"https:\/\/www.turunua.net\/site\/wp-json\/wp\/v2\/media?parent=132"}],"curies":[{"name":"wp","href":"https:\/\/api.w.org\/{rel}","templated":true}]}}