{"id":1360,"date":"2024-09-03T18:12:22","date_gmt":"2024-09-03T15:12:22","guid":{"rendered":"https:\/\/www.turunua.net\/site\/?page_id=1360"},"modified":"2025-10-24T13:03:49","modified_gmt":"2025-10-24T10:03:49","slug":"stipendit","status":"publish","type":"page","link":"https:\/\/www.turunua.net\/site\/stipendit\/","title":{"rendered":"Stipendit"},"content":{"rendered":"\r\n<h2 class=\"wp-block-heading\"><strong>LISENSSISTIPENDI<\/strong><\/h2>\r\n\r\n\r\n\r\n<p>Nuorten kuljettajien osalta (alle 18v) vaatimuksena on:<\/p>\r\n\r\n\r\n\r\n<ul class=\"wp-block-list\">\r\n<li>Kilpailija on ollut v\u00e4hint\u00e4\u00e4n 6kk seuran j\u00e4sen.<\/li>\r\n\r\n\r\n\r\n<li>Kilpailija on osallistunut kolmeen AKK:n alaiseen kilpailuun saman kalenterivuoden aikana.<\/li>\r\n<\/ul>\r\n\r\n\r\n\r\n<p>Muiden osalta vaatimus on:<\/p>\r\n\r\n\r\n\r\n<ul class=\"wp-block-list\">\r\n<li>Kilpailija on ollut v\u00e4hint\u00e4\u00e4n 6kk seuran j\u00e4sen.<\/li>\r\n\r\n\r\n\r\n<li>Kilpailija on osallistunut v\u00e4hint\u00e4\u00e4n kolmeen AKK:n alaiseen kilpailuun, sek\u00e4 on tehnyt v\u00e4hint\u00e4\u00e4n kaksi toimitsijateht\u00e4v\u00e4\u00e4 Turun Urheiluautoilijoiden j\u00e4rjest\u00e4miss\u00e4 kilpailuissa tai seuran vastavuoroisuusteht\u00e4viss\u00e4 saman kalenteri vuoden aikana.<\/li>\r\n<\/ul>\r\n\r\n\r\n\r\n<p>Stipendin haku aika on saman kalenterivuoden vuoden marras-joulukuu. Stipendit maksetaan seuraavan vuoden tammikuussa. Stipendi on kilpailijan kilpailijalisenssi maksun suuruinen. Helpottaaksemme stipendity\u00f6ryhm\u00e4n ty\u00f6t\u00e4, stipendi\u00e4 on haettava ohjeistuksen mukaisella hakemuksella.<\/p>\r\n<p>Lataa t\u00e4st\u00e4 <a href=\"https:\/\/www.turunua.net\/site\/wp-content\/uploads\/2025\/10\/lisenssistipendianomus25.pdf\">lisenssistipendianomus25<\/a><\/p>\r\n\r\n\r\n\r\n<h2 class=\"wp-block-heading\"><strong>KILPAILIJASTIPENDI<\/strong><\/h2>\r\n\r\n\r\n\r\n<p>Turun Urheiluautoilijat ry my\u00f6nt\u00e4\u00e4 hakemusten perusteella kilpailijastipendej\u00e4 seuran kilpailijalisenssill\u00e4 kilpaileville j\u00e4senille.<\/p>\r\n\r\n\r\n\r\n<ul class=\"wp-block-list\">\r\n<li>EM \/ MM tason kilpailuissa kolmen parhaan joukkoon sijoittuneille maksimissaan 500 \u20ac<\/li>\r\n\r\n\r\n\r\n<li>KV \/ SM tason kilpailussa tai sarjassa kolmen parhaan joukkoon sijoittuneille maksimissaan 300 \u20ac<\/li>\r\n\r\n\r\n\r\n<li>AKK:n arvosarjoissa kolmen parhaan joukkoon sijoittuneille maksimissaan 200 \u20ac<\/li>\r\n<\/ul>\r\n\r\n\r\n\r\n<p>Edell\u00e4 mainitut stipendien summan ovat maksimi summia, lopullinen my\u00f6nnett\u00e4v\u00e4 stipendin suuruus m\u00e4\u00e4r\u00e4ytyy sijoituksen ja kilpailun kilpailijam\u00e4\u00e4r\u00e4n mukaan.<\/p>\r\n<p>Lataa t\u00e4st\u00e4 <a href=\"https:\/\/www.turunua.net\/site\/wp-content\/uploads\/2025\/10\/kilpailijastipendianomus25.pdf\">kilpailijastipendianomus25<\/a><\/p>\r\n\r\n\r\n\r\n<p>Stipendity\u00f6ryhm\u00e4 k\u00e4sittelee hakemukset tapauskohtaisesti ja p\u00e4\u00e4tt\u00e4\u00e4 my\u00f6nnett\u00e4v\u00e4t stipendit edell\u00e4 mainitun ohjeistuksen mukaan. Helpottaaksemme stipendity\u00f6ryhm\u00e4n ty\u00f6t\u00e4, stipendi\u00e4 on haettava ohjeistuksen mukaisella hakemuksella, saman kalenterivuoden ajanjaksolla marras-joulukuu. Stipendit maksetaan seuraavan vuoden tammikuussa.<\/p>\r\n","protected":false},"excerpt":{"rendered":"<p>LISENSSISTIPENDI Nuorten kuljettajien osalta (alle 18v) vaatimuksena on: Muiden osalta vaatimus on: Stipendin haku aika on saman kalenterivuoden vuoden marras-joulukuu. Stipendit maksetaan seuraavan vuoden tammikuussa. Stipendi on kilpailijan kilpailijalisenssi maksun suuruinen. Helpottaaksemme stipendity\u00f6ryhm\u00e4n ty\u00f6t\u00e4, stipendi\u00e4 on haettava ohjeistuksen mukaisella hakemuksella. &hellip; <a href=\"https:\/\/www.turunua.net\/site\/stipendit\/\">Lue loppuun <span class=\"meta-nav\">&rarr;<\/span><\/a><\/p>\n","protected":false},"author":2,"featured_media":0,"parent":0,"menu_order":0,"comment_status":"closed","ping_status":"closed","template":"","meta":{"footnotes":""},"class_list":["post-1360","page","type-page","status-publish","hentry"],"yoast_head":"<!-- This site is optimized with the Yoast SEO plugin v27.5 - https:\/\/yoast.com\/product\/yoast-seo-wordpress\/ -->\n<title>Stipendit - Turun Urheiluautoilijat ry<\/title>\n<meta name=\"robots\" content=\"index, follow, max-snippet:-1, max-image-preview:large, max-video-preview:-1\" \/>\n<link rel=\"canonical\" href=\"https:\/\/www.turunua.net\/site\/stipendit\/\" \/>\n<meta property=\"og:locale\" content=\"fi_FI\" \/>\n<meta property=\"og:type\" content=\"article\" \/>\n<meta property=\"og:title\" content=\"Stipendit - Turun Urheiluautoilijat ry\" \/>\n<meta property=\"og:description\" content=\"LISENSSISTIPENDI Nuorten kuljettajien osalta (alle 18v) vaatimuksena on: Muiden osalta vaatimus on: Stipendin haku aika on saman kalenterivuoden vuoden marras-joulukuu. Stipendit maksetaan seuraavan vuoden tammikuussa. Stipendi on kilpailijan kilpailijalisenssi maksun suuruinen. Helpottaaksemme stipendity\u00f6ryhm\u00e4n ty\u00f6t\u00e4, stipendi\u00e4 on haettava ohjeistuksen mukaisella hakemuksella. &hellip; Lue loppuun &rarr;\" \/>\n<meta property=\"og:url\" content=\"https:\/\/www.turunua.net\/site\/stipendit\/\" \/>\n<meta property=\"og:site_name\" content=\"Turun Urheiluautoilijat ry\" \/>\n<meta property=\"article:modified_time\" content=\"2025-10-24T10:03:49+00:00\" \/>\n<meta name=\"twitter:card\" content=\"summary_large_image\" \/>\n<meta name=\"twitter:label1\" content=\"Arvioitu lukuaika\" \/>\n\t<meta name=\"twitter:data1\" content=\"2 minuuttia\" \/>\n<script type=\"application\/ld+json\" class=\"yoast-schema-graph\">{\"@context\":\"https:\\\/\\\/schema.org\",\"@graph\":[{\"@type\":\"WebPage\",\"@id\":\"https:\\\/\\\/www.turunua.net\\\/site\\\/stipendit\\\/\",\"url\":\"https:\\\/\\\/www.turunua.net\\\/site\\\/stipendit\\\/\",\"name\":\"Stipendit - Turun Urheiluautoilijat ry\",\"isPartOf\":{\"@id\":\"https:\\\/\\\/www.turunua.net\\\/site\\\/#website\"},\"datePublished\":\"2024-09-03T15:12:22+00:00\",\"dateModified\":\"2025-10-24T10:03:49+00:00\",\"breadcrumb\":{\"@id\":\"https:\\\/\\\/www.turunua.net\\\/site\\\/stipendit\\\/#breadcrumb\"},\"inLanguage\":\"fi\",\"potentialAction\":[{\"@type\":\"ReadAction\",\"target\":[\"https:\\\/\\\/www.turunua.net\\\/site\\\/stipendit\\\/\"]}]},{\"@type\":\"BreadcrumbList\",\"@id\":\"https:\\\/\\\/www.turunua.net\\\/site\\\/stipendit\\\/#breadcrumb\",\"itemListElement\":[{\"@type\":\"ListItem\",\"position\":1,\"name\":\"Etusivu\",\"item\":\"https:\\\/\\\/www.turunua.net\\\/site\\\/\"},{\"@type\":\"ListItem\",\"position\":2,\"name\":\"Stipendit\"}]},{\"@type\":\"WebSite\",\"@id\":\"https:\\\/\\\/www.turunua.net\\\/site\\\/#website\",\"url\":\"https:\\\/\\\/www.turunua.net\\\/site\\\/\",\"name\":\"Turun Urheiluautoilijat ry\",\"description\":\"\",\"potentialAction\":[{\"@type\":\"SearchAction\",\"target\":{\"@type\":\"EntryPoint\",\"urlTemplate\":\"https:\\\/\\\/www.turunua.net\\\/site\\\/?s={search_term_string}\"},\"query-input\":{\"@type\":\"PropertyValueSpecification\",\"valueRequired\":true,\"valueName\":\"search_term_string\"}}],\"inLanguage\":\"fi\"}]}<\/script>\n<!-- \/ Yoast SEO plugin. -->","yoast_head_json":{"title":"Stipendit - Turun Urheiluautoilijat ry","robots":{"index":"index","follow":"follow","max-snippet":"max-snippet:-1","max-image-preview":"max-image-preview:large","max-video-preview":"max-video-preview:-1"},"canonical":"https:\/\/www.turunua.net\/site\/stipendit\/","og_locale":"fi_FI","og_type":"article","og_title":"Stipendit - Turun Urheiluautoilijat ry","og_description":"LISENSSISTIPENDI Nuorten kuljettajien osalta (alle 18v) vaatimuksena on: Muiden osalta vaatimus on: Stipendin haku aika on saman kalenterivuoden vuoden marras-joulukuu. Stipendit maksetaan seuraavan vuoden tammikuussa. Stipendi on kilpailijan kilpailijalisenssi maksun suuruinen. Helpottaaksemme stipendity\u00f6ryhm\u00e4n ty\u00f6t\u00e4, stipendi\u00e4 on haettava ohjeistuksen mukaisella hakemuksella. &hellip; Lue loppuun &rarr;","og_url":"https:\/\/www.turunua.net\/site\/stipendit\/","og_site_name":"Turun Urheiluautoilijat ry","article_modified_time":"2025-10-24T10:03:49+00:00","twitter_card":"summary_large_image","twitter_misc":{"Arvioitu lukuaika":"2 minuuttia"},"schema":{"@context":"https:\/\/schema.org","@graph":[{"@type":"WebPage","@id":"https:\/\/www.turunua.net\/site\/stipendit\/","url":"https:\/\/www.turunua.net\/site\/stipendit\/","name":"Stipendit - Turun Urheiluautoilijat ry","isPartOf":{"@id":"https:\/\/www.turunua.net\/site\/#website"},"datePublished":"2024-09-03T15:12:22+00:00","dateModified":"2025-10-24T10:03:49+00:00","breadcrumb":{"@id":"https:\/\/www.turunua.net\/site\/stipendit\/#breadcrumb"},"inLanguage":"fi","potentialAction":[{"@type":"ReadAction","target":["https:\/\/www.turunua.net\/site\/stipendit\/"]}]},{"@type":"BreadcrumbList","@id":"https:\/\/www.turunua.net\/site\/stipendit\/#breadcrumb","itemListElement":[{"@type":"ListItem","position":1,"name":"Etusivu","item":"https:\/\/www.turunua.net\/site\/"},{"@type":"ListItem","position":2,"name":"Stipendit"}]},{"@type":"WebSite","@id":"https:\/\/www.turunua.net\/site\/#website","url":"https:\/\/www.turunua.net\/site\/","name":"Turun Urheiluautoilijat ry","description":"","potentialAction":[{"@type":"SearchAction","target":{"@type":"EntryPoint","urlTemplate":"https:\/\/www.turunua.net\/site\/?s={search_term_string}"},"query-input":{"@type":"PropertyValueSpecification","valueRequired":true,"valueName":"search_term_string"}}],"inLanguage":"fi"}]}},"_links":{"self":[{"href":"https:\/\/www.turunua.net\/site\/wp-json\/wp\/v2\/pages\/1360","targetHints":{"allow":["GET"]}}],"collection":[{"href":"https:\/\/www.turunua.net\/site\/wp-json\/wp\/v2\/pages"}],"about":[{"href":"https:\/\/www.turunua.net\/site\/wp-json\/wp\/v2\/types\/page"}],"author":[{"embeddable":true,"href":"https:\/\/www.turunua.net\/site\/wp-json\/wp\/v2\/users\/2"}],"replies":[{"embeddable":true,"href":"https:\/\/www.turunua.net\/site\/wp-json\/wp\/v2\/comments?post=1360"}],"version-history":[{"count":6,"href":"https:\/\/www.turunua.net\/site\/wp-json\/wp\/v2\/pages\/1360\/revisions"}],"predecessor-version":[{"id":1848,"href":"https:\/\/www.turunua.net\/site\/wp-json\/wp\/v2\/pages\/1360\/revisions\/1848"}],"wp:attachment":[{"href":"https:\/\/www.turunua.net\/site\/wp-json\/wp\/v2\/media?parent=1360"}],"curies":[{"name":"wp","href":"https:\/\/api.w.org\/{rel}","templated":true}]}}