{"id":141,"date":"2020-12-09T00:50:52","date_gmt":"2020-12-08T22:50:52","guid":{"rendered":"http:\/\/www.turunua.net\/site\/?page_id=141"},"modified":"2020-12-09T11:57:18","modified_gmt":"2020-12-09T09:57:18","slug":"kartingin-aloittaminen","status":"publish","type":"page","link":"https:\/\/www.turunua.net\/site\/kartingin-aloittaminen\/","title":{"rendered":"Kartingin aloittaminen"},"content":{"rendered":"<p>Kun karting harrastuksen aloittaminen alkaa kiinnostamaan, p\u00e4\u00e4set kokeilemaan lajia useissa moottorikerhoissa, kuten meill\u00e4 Turun Urheiluautoilijoissa. Turun Urheiluautoilijat j\u00e4rjest\u00e4\u00e4 koko ajokauden tilaisuuksia joissa 6-12v. lapsi p\u00e4\u00e4see kokeilemaan oikeaa kilpailukalustoa sek\u00e4 huoltajat saavat lis\u00e4tietoa lajista. N\u00e4ist\u00e4 tilaisuuksista tiedotamme Turun Urheiluautoilijoiden kotisivuilla.<\/p>\n<p>Oman kaluston hankintaan liittyviss\u00e4 asioissa ei kannata olla yksin, vaan apua sek\u00e4 neuvoa voit kysy\u00e4 meilt\u00e4. Vastaamme mielell\u00e4mme kysymyksiinne oli kyse sitten lapsi- tai aikuisharrastajasta.<\/p>\n<p>Kaluston hankinnassa tulee ottaa huomioon mm. kuljettajan ik\u00e4 ja sen my\u00f6t\u00e4 kilpaluokka mit\u00e4 l\u00e4hdet\u00e4\u00e4n ajamaan. Aina ei tietysti tarvitse l\u00e4hte\u00e4 suoraan tai edes lainkaan kilpailemaan, vaan voi ajaa vaan omaksi iloksi. My\u00f6s t\u00e4llaisessa tilanteessa luokkien ik\u00e4rajat antavat hyvi\u00e4 vinkkej\u00e4 juuri itselle sopivasta kalustosta.<\/p>\n<p>Liikkeelle ei tarvitse l\u00e4hte\u00e4 t\u00e4ysin uudella kalustolla, vaan markkinoilla on paljon hyv\u00e4kuntoista k\u00e4ytetty\u00e4 kalustoa. K\u00e4ytetyn kaluston ostossa voi itse tavaran lis\u00e4ksi saada usein paljon hyvi\u00e4 vinkkej\u00e4, joita my\u00f6s asiantuntevat kartingliikkeet jakavat mielell\u00e4\u00e4n.<\/p>\n<p>Liittym\u00e4ll\u00e4 Turun Urheiluautoilijoihin voi ostaa AKK:n kuljettajan sek\u00e4 huoltajan lisenssin, joka sis\u00e4lt\u00e4\u00e4 l\u00e4hes v\u00e4ltt\u00e4m\u00e4tt\u00f6m\u00e4n vakuutuksen harrastukseen.<\/p>\n<p><img decoding=\"async\" src=\"http:\/\/www.turunua.net\/web\/images\/kuvat\/skans.jpg\" alt=\"\" \/>\u00a0<img decoding=\"async\" src=\"http:\/\/www.turunua.net\/web\/images\/kuvat\/skans2.jpg\" alt=\"\" \/><\/p>\n<p>TUA kauppakeskus Skanssin &#8221;\u00e4ij\u00e4p\u00e4ivill\u00e4&#8221; 2009<\/p>\n<h2>Tutustu kartingiin<\/h2>\n<p>Turun urheiluautoilijat tarjoavat lapsille mahdollisuuden tutustua kartingiin opastetusti.<\/p>\n<p>Jos olet kiinnostunut tutustumaan lajiin, ota yhteytt\u00e4:\u00a0<span id=\"cloakd2db93072940437e67a75b516c85f7c4\"><a href=\"mailto:juha.heikkila@turunua.net\">Juha Heikkil\u00e4<\/a><\/span>\u00a0050 5980801<\/p>\n","protected":false},"excerpt":{"rendered":"<p>Kun karting harrastuksen aloittaminen alkaa kiinnostamaan, p\u00e4\u00e4set kokeilemaan lajia useissa moottorikerhoissa, kuten meill\u00e4 Turun Urheiluautoilijoissa. Turun Urheiluautoilijat j\u00e4rjest\u00e4\u00e4 koko ajokauden tilaisuuksia joissa 6-12v. lapsi p\u00e4\u00e4see kokeilemaan oikeaa kilpailukalustoa sek\u00e4 huoltajat saavat lis\u00e4tietoa lajista. N\u00e4ist\u00e4 tilaisuuksista tiedotamme Turun Urheiluautoilijoiden kotisivuilla. Oman &hellip; <a href=\"https:\/\/www.turunua.net\/site\/kartingin-aloittaminen\/\">Lue loppuun <span class=\"meta-nav\">&rarr;<\/span><\/a><\/p>\n","protected":false},"author":4,"featured_media":0,"parent":0,"menu_order":0,"comment_status":"closed","ping_status":"closed","template":"","meta":{"footnotes":""},"class_list":["post-141","page","type-page","status-publish","hentry"],"yoast_head":"<!-- This site is optimized with the Yoast SEO plugin v27.5 - https:\/\/yoast.com\/product\/yoast-seo-wordpress\/ -->\n<title>Kartingin aloittaminen - Turun Urheiluautoilijat ry<\/title>\n<meta name=\"robots\" content=\"index, follow, max-snippet:-1, max-image-preview:large, max-video-preview:-1\" \/>\n<link rel=\"canonical\" href=\"https:\/\/www.turunua.net\/site\/kartingin-aloittaminen\/\" \/>\n<meta property=\"og:locale\" content=\"fi_FI\" \/>\n<meta property=\"og:type\" content=\"article\" \/>\n<meta property=\"og:title\" content=\"Kartingin aloittaminen - Turun Urheiluautoilijat ry\" \/>\n<meta property=\"og:description\" content=\"Kun karting harrastuksen aloittaminen alkaa kiinnostamaan, p\u00e4\u00e4set kokeilemaan lajia useissa moottorikerhoissa, kuten meill\u00e4 Turun Urheiluautoilijoissa. Turun Urheiluautoilijat j\u00e4rjest\u00e4\u00e4 koko ajokauden tilaisuuksia joissa 6-12v. lapsi p\u00e4\u00e4see kokeilemaan oikeaa kilpailukalustoa sek\u00e4 huoltajat saavat lis\u00e4tietoa lajista. N\u00e4ist\u00e4 tilaisuuksista tiedotamme Turun Urheiluautoilijoiden kotisivuilla. Oman &hellip; Lue loppuun &rarr;\" \/>\n<meta property=\"og:url\" content=\"https:\/\/www.turunua.net\/site\/kartingin-aloittaminen\/\" \/>\n<meta property=\"og:site_name\" content=\"Turun Urheiluautoilijat ry\" \/>\n<meta property=\"article:modified_time\" content=\"2020-12-09T09:57:18+00:00\" \/>\n<meta property=\"og:image\" content=\"http:\/\/www.turunua.net\/web\/images\/kuvat\/skans.jpg\" \/>\n<meta name=\"twitter:card\" content=\"summary_large_image\" \/>\n<meta name=\"twitter:label1\" content=\"Arvioitu lukuaika\" \/>\n\t<meta name=\"twitter:data1\" content=\"1 minuutti\" \/>\n<script type=\"application\/ld+json\" class=\"yoast-schema-graph\">{\"@context\":\"https:\\\/\\\/schema.org\",\"@graph\":[{\"@type\":\"WebPage\",\"@id\":\"https:\\\/\\\/www.turunua.net\\\/site\\\/kartingin-aloittaminen\\\/\",\"url\":\"https:\\\/\\\/www.turunua.net\\\/site\\\/kartingin-aloittaminen\\\/\",\"name\":\"Kartingin aloittaminen - Turun Urheiluautoilijat ry\",\"isPartOf\":{\"@id\":\"https:\\\/\\\/www.turunua.net\\\/site\\\/#website\"},\"primaryImageOfPage\":{\"@id\":\"https:\\\/\\\/www.turunua.net\\\/site\\\/kartingin-aloittaminen\\\/#primaryimage\"},\"image\":{\"@id\":\"https:\\\/\\\/www.turunua.net\\\/site\\\/kartingin-aloittaminen\\\/#primaryimage\"},\"thumbnailUrl\":\"http:\\\/\\\/www.turunua.net\\\/web\\\/images\\\/kuvat\\\/skans.jpg\",\"datePublished\":\"2020-12-08T22:50:52+00:00\",\"dateModified\":\"2020-12-09T09:57:18+00:00\",\"breadcrumb\":{\"@id\":\"https:\\\/\\\/www.turunua.net\\\/site\\\/kartingin-aloittaminen\\\/#breadcrumb\"},\"inLanguage\":\"fi\",\"potentialAction\":[{\"@type\":\"ReadAction\",\"target\":[\"https:\\\/\\\/www.turunua.net\\\/site\\\/kartingin-aloittaminen\\\/\"]}]},{\"@type\":\"ImageObject\",\"inLanguage\":\"fi\",\"@id\":\"https:\\\/\\\/www.turunua.net\\\/site\\\/kartingin-aloittaminen\\\/#primaryimage\",\"url\":\"http:\\\/\\\/www.turunua.net\\\/web\\\/images\\\/kuvat\\\/skans.jpg\",\"contentUrl\":\"http:\\\/\\\/www.turunua.net\\\/web\\\/images\\\/kuvat\\\/skans.jpg\"},{\"@type\":\"BreadcrumbList\",\"@id\":\"https:\\\/\\\/www.turunua.net\\\/site\\\/kartingin-aloittaminen\\\/#breadcrumb\",\"itemListElement\":[{\"@type\":\"ListItem\",\"position\":1,\"name\":\"Etusivu\",\"item\":\"https:\\\/\\\/www.turunua.net\\\/site\\\/\"},{\"@type\":\"ListItem\",\"position\":2,\"name\":\"Kartingin aloittaminen\"}]},{\"@type\":\"WebSite\",\"@id\":\"https:\\\/\\\/www.turunua.net\\\/site\\\/#website\",\"url\":\"https:\\\/\\\/www.turunua.net\\\/site\\\/\",\"name\":\"Turun Urheiluautoilijat ry\",\"description\":\"\",\"potentialAction\":[{\"@type\":\"SearchAction\",\"target\":{\"@type\":\"EntryPoint\",\"urlTemplate\":\"https:\\\/\\\/www.turunua.net\\\/site\\\/?s={search_term_string}\"},\"query-input\":{\"@type\":\"PropertyValueSpecification\",\"valueRequired\":true,\"valueName\":\"search_term_string\"}}],\"inLanguage\":\"fi\"}]}<\/script>\n<!-- \/ Yoast SEO plugin. -->","yoast_head_json":{"title":"Kartingin aloittaminen - Turun Urheiluautoilijat ry","robots":{"index":"index","follow":"follow","max-snippet":"max-snippet:-1","max-image-preview":"max-image-preview:large","max-video-preview":"max-video-preview:-1"},"canonical":"https:\/\/www.turunua.net\/site\/kartingin-aloittaminen\/","og_locale":"fi_FI","og_type":"article","og_title":"Kartingin aloittaminen - Turun Urheiluautoilijat ry","og_description":"Kun karting harrastuksen aloittaminen alkaa kiinnostamaan, p\u00e4\u00e4set kokeilemaan lajia useissa moottorikerhoissa, kuten meill\u00e4 Turun Urheiluautoilijoissa. Turun Urheiluautoilijat j\u00e4rjest\u00e4\u00e4 koko ajokauden tilaisuuksia joissa 6-12v. lapsi p\u00e4\u00e4see kokeilemaan oikeaa kilpailukalustoa sek\u00e4 huoltajat saavat lis\u00e4tietoa lajista. N\u00e4ist\u00e4 tilaisuuksista tiedotamme Turun Urheiluautoilijoiden kotisivuilla. Oman &hellip; Lue loppuun &rarr;","og_url":"https:\/\/www.turunua.net\/site\/kartingin-aloittaminen\/","og_site_name":"Turun Urheiluautoilijat ry","article_modified_time":"2020-12-09T09:57:18+00:00","og_image":[{"url":"http:\/\/www.turunua.net\/web\/images\/kuvat\/skans.jpg","type":"","width":"","height":""}],"twitter_card":"summary_large_image","twitter_misc":{"Arvioitu lukuaika":"1 minuutti"},"schema":{"@context":"https:\/\/schema.org","@graph":[{"@type":"WebPage","@id":"https:\/\/www.turunua.net\/site\/kartingin-aloittaminen\/","url":"https:\/\/www.turunua.net\/site\/kartingin-aloittaminen\/","name":"Kartingin aloittaminen - Turun Urheiluautoilijat ry","isPartOf":{"@id":"https:\/\/www.turunua.net\/site\/#website"},"primaryImageOfPage":{"@id":"https:\/\/www.turunua.net\/site\/kartingin-aloittaminen\/#primaryimage"},"image":{"@id":"https:\/\/www.turunua.net\/site\/kartingin-aloittaminen\/#primaryimage"},"thumbnailUrl":"http:\/\/www.turunua.net\/web\/images\/kuvat\/skans.jpg","datePublished":"2020-12-08T22:50:52+00:00","dateModified":"2020-12-09T09:57:18+00:00","breadcrumb":{"@id":"https:\/\/www.turunua.net\/site\/kartingin-aloittaminen\/#breadcrumb"},"inLanguage":"fi","potentialAction":[{"@type":"ReadAction","target":["https:\/\/www.turunua.net\/site\/kartingin-aloittaminen\/"]}]},{"@type":"ImageObject","inLanguage":"fi","@id":"https:\/\/www.turunua.net\/site\/kartingin-aloittaminen\/#primaryimage","url":"http:\/\/www.turunua.net\/web\/images\/kuvat\/skans.jpg","contentUrl":"http:\/\/www.turunua.net\/web\/images\/kuvat\/skans.jpg"},{"@type":"BreadcrumbList","@id":"https:\/\/www.turunua.net\/site\/kartingin-aloittaminen\/#breadcrumb","itemListElement":[{"@type":"ListItem","position":1,"name":"Etusivu","item":"https:\/\/www.turunua.net\/site\/"},{"@type":"ListItem","position":2,"name":"Kartingin aloittaminen"}]},{"@type":"WebSite","@id":"https:\/\/www.turunua.net\/site\/#website","url":"https:\/\/www.turunua.net\/site\/","name":"Turun Urheiluautoilijat ry","description":"","potentialAction":[{"@type":"SearchAction","target":{"@type":"EntryPoint","urlTemplate":"https:\/\/www.turunua.net\/site\/?s={search_term_string}"},"query-input":{"@type":"PropertyValueSpecification","valueRequired":true,"valueName":"search_term_string"}}],"inLanguage":"fi"}]}},"_links":{"self":[{"href":"https:\/\/www.turunua.net\/site\/wp-json\/wp\/v2\/pages\/141","targetHints":{"allow":["GET"]}}],"collection":[{"href":"https:\/\/www.turunua.net\/site\/wp-json\/wp\/v2\/pages"}],"about":[{"href":"https:\/\/www.turunua.net\/site\/wp-json\/wp\/v2\/types\/page"}],"author":[{"embeddable":true,"href":"https:\/\/www.turunua.net\/site\/wp-json\/wp\/v2\/users\/4"}],"replies":[{"embeddable":true,"href":"https:\/\/www.turunua.net\/site\/wp-json\/wp\/v2\/comments?post=141"}],"version-history":[{"count":2,"href":"https:\/\/www.turunua.net\/site\/wp-json\/wp\/v2\/pages\/141\/revisions"}],"predecessor-version":[{"id":146,"href":"https:\/\/www.turunua.net\/site\/wp-json\/wp\/v2\/pages\/141\/revisions\/146"}],"wp:attachment":[{"href":"https:\/\/www.turunua.net\/site\/wp-json\/wp\/v2\/media?parent=141"}],"curies":[{"name":"wp","href":"https:\/\/api.w.org\/{rel}","templated":true}]}}