{"id":1444,"date":"2024-12-13T12:57:22","date_gmt":"2024-12-13T10:57:22","guid":{"rendered":"https:\/\/www.turunua.net\/site\/?page_id=1444"},"modified":"2026-02-08T14:21:18","modified_gmt":"2026-02-08T12:21:18","slug":"sprint","status":"publish","type":"page","link":"https:\/\/www.turunua.net\/site\/sprint\/","title":{"rendered":"L\u00e4nsirannikon Sprint"},"content":{"rendered":"\r\n<p><img loading=\"lazy\" decoding=\"async\" class=\"alignnone size-full wp-image-1978\" src=\"https:\/\/www.turunua.net\/site\/wp-content\/uploads\/2026\/01\/RS-SM-TUA-2026.jpg\" alt=\"\" width=\"1500\" height=\"2123\" srcset=\"https:\/\/www.turunua.net\/site\/wp-content\/uploads\/2026\/01\/RS-SM-TUA-2026.jpg 1500w, https:\/\/www.turunua.net\/site\/wp-content\/uploads\/2026\/01\/RS-SM-TUA-2026-212x300.jpg 212w, https:\/\/www.turunua.net\/site\/wp-content\/uploads\/2026\/01\/RS-SM-TUA-2026-724x1024.jpg 724w, https:\/\/www.turunua.net\/site\/wp-content\/uploads\/2026\/01\/RS-SM-TUA-2026-768x1087.jpg 768w, https:\/\/www.turunua.net\/site\/wp-content\/uploads\/2026\/01\/RS-SM-TUA-2026-1085x1536.jpg 1085w, https:\/\/www.turunua.net\/site\/wp-content\/uploads\/2026\/01\/RS-SM-TUA-2026-1447x2048.jpg 1447w\" sizes=\"auto, (max-width: 1500px) 100vw, 1500px\" \/><\/p>\r\n<p><strong><a href=\"https:\/\/drive.google.com\/file\/d\/1dQuBPGB-nmlqzRo05E9KcdV2LmzMgQUh\/view?usp=sharing\">Katso kilpailun k\u00e4siohjelma t\u00e4st\u00e4.<\/a><\/strong><\/p>\r\n<p><strong>SM L\u00e4nsirannikon Rallisprint, SM-sarja alkaa 25.1.2025 Marttilassa<\/strong><\/p>\r\n\r\n\r\n\r\n<p>Turun Urheiluautoilijat j\u00e4rjest\u00e4v\u00e4t kaksip\u00e4iv\u00e4isen kilpailuviikonlopun <strong>L\u00e4nsirannikon Sprintin<\/strong> 24.-25.1.2026 Marttilassa, Erkka Korpiaho Racing Circuitilla. Kilpailuviikonloppu aloittaa SM Rallisprintin kauden.<\/p>\r\n\r\n\r\n\r\n<p>Lauantaina 24.1. ajetaan <strong>Crosskartien <\/strong>kansallinen kilpailu ja sunnuntaina 25.1. kilpaillaan <strong>Rallisprintin SM<\/strong> pisteist\u00e4. Kilpailu alkaa molempina p\u00e4ivin\u00e4 klo 11.00.<\/p>\r\n\r\n\r\n\r\n<p>Kilpailuviikonlopun aikana k\u00e4ytet\u00e4\u00e4n kolmea erimittaista reitti\u00e4:<\/p>\r\n\r\n\r\n\r\n<ul class=\"wp-block-list\">\r\n<li>Lauantaina <strong>Crosskartit<\/strong> kilpailevat 2100-3800 metrin pituisilla reiteill\u00e4, riippuen luokasta.<\/li>\r\n\r\n\r\n\r\n<li>Sunnuntaina <strong>Rallisprintin<\/strong> reitin pituus on 4250 metri\u00e4, ja mukana ovat my\u00f6s Crosskart Xtream ja Crosskart Xtream Junior autot.<\/li>\r\n<\/ul>\r\n\r\n\r\n\r\n<p>Kilpailualueella on loistavat katselualueet ja tapahtumassa on my\u00f6s buffet, jossa voi nauttia herkuista.<\/p>\r\n\r\n\r\n\r\n<p><strong>Kilpailuluokat:<\/strong><\/p>\r\n<ul>\r\n<li>Yleisen ja juniorilisenssiluokkien kuljettajat kilpailevat Suomenmestaruudesta 4-vetoisilla autoilla luokissa 1-2.<\/li>\r\n<li>2-vetoisilla autoilla yleisen luokan kuljettajat kilpailevat omasta Suomenmestaruudestaan luokissa 3-4 ja junioriluokan kuljettajat luokissa 5-6.<\/li>\r\n<li>Edellisten lis\u00e4ksi seniorit, naiset, juniorit ja nuoret sek\u00e4 V1600-autot kilpailevat jokainen omista Suomenmestaruuksistaan. Naisten ja senioreiden Suomenmestaruudesta voi kilpailla ainoastaan 2-vetoisella autolla.<\/li>\r\n<li>BMW Rallisarjan autoilla kilpaillaan Suomi Cup-mestaruudesta.<\/li>\r\n<li>Lis\u00e4ksi sarjan kaikissa osakilpailuissa kilpaillaan rallisprintin joukkueiden (joukkueessa 3 kilpailijaa) Suomi Cup-mestaruudesta.<\/li>\r\n<\/ul>\r\n\r\n\r\n\r\n<ul class=\"wp-block-list\"><\/ul>\r\n\r\n\r\n\r\n<p><strong>Liput:<\/strong><\/p>\r\n\r\n\r\n\r\n<ul class=\"wp-block-list\">\r\n<li>Lauantai: 10\u20ac\/hl\u00f6<\/li>\r\n\r\n\r\n\r\n<li>Sunnuntai: 15\u20ac\/hl\u00f6<\/li>\r\n\r\n\r\n\r\n<li>Kaksip\u00e4iv\u00e4inen lippu: 20\u20ac\/hl\u00f6<br \/><em>Alle 12-vuotiaat p\u00e4\u00e4sev\u00e4t ilmaiseksi vanhempien seurassa.<\/em><br \/>Maksutapana pankkikortti, mobilepay tai tasaraha.<\/li>\r\n<\/ul>\r\n<p>Kilpailun selostusta voi kuunnella FM-radiolla taajudella 101,7 MHz<\/p>\r\n\r\n\r\n\r\n<p>Kilpailun s\u00e4\u00e4nn\u00f6t ja kilpailijaohjeet <a href=\"https:\/\/akk.autourheilu.fi\/\"><strong>KITI-kisapalvelusta<\/strong><\/a>. <br \/>Tapahtuman lis\u00e4tiedot l\u00f6ytyv\u00e4t my\u00f6s Turun Urheiluautoilijoiden <strong><a href=\"https:\/\/www.facebook.com\/turunua\">Facebook<\/a><\/strong>&#8211; ja <strong><a href=\"https:\/\/www.instagram.com\/turun_ua\/\">Instagram<\/a><\/strong>-tileilt\u00e4.<\/p>\r\n\r\n\r\n\r\n\r\n\r\n<p>Tervetuloa viett\u00e4m\u00e4\u00e4n koko perheen autourheilu p\u00e4iv\u00e4\u00e4 Marttilaan!<\/p>\r\n<p>Erkka Korpiaho Racing Circuit.\u00a0<br \/>Niittysuontie 39,21490 Marttila.<\/p>\r\n<p>&nbsp;<\/p>\r\n\r\n\r\n\r\n<p>&nbsp;<\/p>\r\n","protected":false},"excerpt":{"rendered":"<p>Katso kilpailun k\u00e4siohjelma t\u00e4st\u00e4. SM L\u00e4nsirannikon Rallisprint, SM-sarja alkaa 25.1.2025 Marttilassa Turun Urheiluautoilijat j\u00e4rjest\u00e4v\u00e4t kaksip\u00e4iv\u00e4isen kilpailuviikonlopun L\u00e4nsirannikon Sprintin 24.-25.1.2026 Marttilassa, Erkka Korpiaho Racing Circuitilla. Kilpailuviikonloppu aloittaa SM Rallisprintin kauden. Lauantaina 24.1. ajetaan Crosskartien kansallinen kilpailu ja sunnuntaina 25.1. kilpaillaan Rallisprintin &hellip; <a href=\"https:\/\/www.turunua.net\/site\/sprint\/\">Lue loppuun <span class=\"meta-nav\">&rarr;<\/span><\/a><\/p>\n","protected":false},"author":4,"featured_media":0,"parent":0,"menu_order":0,"comment_status":"closed","ping_status":"closed","template":"","meta":{"footnotes":""},"class_list":["post-1444","page","type-page","status-publish","hentry"],"yoast_head":"<!-- This site is optimized with the Yoast SEO plugin v27.5 - https:\/\/yoast.com\/product\/yoast-seo-wordpress\/ -->\n<title>L\u00e4nsirannikon Sprint - Turun Urheiluautoilijat ry<\/title>\n<meta name=\"robots\" content=\"index, follow, max-snippet:-1, max-image-preview:large, max-video-preview:-1\" \/>\n<link rel=\"canonical\" href=\"https:\/\/www.turunua.net\/site\/sprint\/\" \/>\n<meta property=\"og:locale\" content=\"fi_FI\" \/>\n<meta property=\"og:type\" content=\"article\" \/>\n<meta property=\"og:title\" content=\"L\u00e4nsirannikon Sprint - Turun Urheiluautoilijat ry\" \/>\n<meta property=\"og:description\" content=\"Katso kilpailun k\u00e4siohjelma t\u00e4st\u00e4. SM L\u00e4nsirannikon Rallisprint, SM-sarja alkaa 25.1.2025 Marttilassa Turun Urheiluautoilijat j\u00e4rjest\u00e4v\u00e4t kaksip\u00e4iv\u00e4isen kilpailuviikonlopun L\u00e4nsirannikon Sprintin 24.-25.1.2026 Marttilassa, Erkka Korpiaho Racing Circuitilla. Kilpailuviikonloppu aloittaa SM Rallisprintin kauden. Lauantaina 24.1. ajetaan Crosskartien kansallinen kilpailu ja sunnuntaina 25.1. kilpaillaan Rallisprintin &hellip; Lue loppuun &rarr;\" \/>\n<meta property=\"og:url\" content=\"https:\/\/www.turunua.net\/site\/sprint\/\" \/>\n<meta property=\"og:site_name\" content=\"Turun Urheiluautoilijat ry\" \/>\n<meta property=\"article:modified_time\" content=\"2026-02-08T12:21:18+00:00\" \/>\n<meta property=\"og:image\" content=\"https:\/\/www.turunua.net\/site\/wp-content\/uploads\/2026\/01\/RS-SM-TUA-2026.jpg\" \/>\n\t<meta property=\"og:image:width\" content=\"1500\" \/>\n\t<meta property=\"og:image:height\" content=\"2123\" \/>\n\t<meta property=\"og:image:type\" content=\"image\/jpeg\" \/>\n<meta name=\"twitter:card\" content=\"summary_large_image\" \/>\n<meta name=\"twitter:label1\" content=\"Arvioitu lukuaika\" \/>\n\t<meta name=\"twitter:data1\" content=\"2 minuuttia\" \/>\n<script type=\"application\/ld+json\" class=\"yoast-schema-graph\">{\"@context\":\"https:\\\/\\\/schema.org\",\"@graph\":[{\"@type\":\"WebPage\",\"@id\":\"https:\\\/\\\/www.turunua.net\\\/site\\\/sprint\\\/\",\"url\":\"https:\\\/\\\/www.turunua.net\\\/site\\\/sprint\\\/\",\"name\":\"L\u00e4nsirannikon Sprint - Turun Urheiluautoilijat ry\",\"isPartOf\":{\"@id\":\"https:\\\/\\\/www.turunua.net\\\/site\\\/#website\"},\"primaryImageOfPage\":{\"@id\":\"https:\\\/\\\/www.turunua.net\\\/site\\\/sprint\\\/#primaryimage\"},\"image\":{\"@id\":\"https:\\\/\\\/www.turunua.net\\\/site\\\/sprint\\\/#primaryimage\"},\"thumbnailUrl\":\"https:\\\/\\\/www.turunua.net\\\/site\\\/wp-content\\\/uploads\\\/2026\\\/01\\\/RS-SM-TUA-2026.jpg\",\"datePublished\":\"2024-12-13T10:57:22+00:00\",\"dateModified\":\"2026-02-08T12:21:18+00:00\",\"breadcrumb\":{\"@id\":\"https:\\\/\\\/www.turunua.net\\\/site\\\/sprint\\\/#breadcrumb\"},\"inLanguage\":\"fi\",\"potentialAction\":[{\"@type\":\"ReadAction\",\"target\":[\"https:\\\/\\\/www.turunua.net\\\/site\\\/sprint\\\/\"]}]},{\"@type\":\"ImageObject\",\"inLanguage\":\"fi\",\"@id\":\"https:\\\/\\\/www.turunua.net\\\/site\\\/sprint\\\/#primaryimage\",\"url\":\"https:\\\/\\\/www.turunua.net\\\/site\\\/wp-content\\\/uploads\\\/2026\\\/01\\\/RS-SM-TUA-2026.jpg\",\"contentUrl\":\"https:\\\/\\\/www.turunua.net\\\/site\\\/wp-content\\\/uploads\\\/2026\\\/01\\\/RS-SM-TUA-2026.jpg\",\"width\":1500,\"height\":2123},{\"@type\":\"BreadcrumbList\",\"@id\":\"https:\\\/\\\/www.turunua.net\\\/site\\\/sprint\\\/#breadcrumb\",\"itemListElement\":[{\"@type\":\"ListItem\",\"position\":1,\"name\":\"Etusivu\",\"item\":\"https:\\\/\\\/www.turunua.net\\\/site\\\/\"},{\"@type\":\"ListItem\",\"position\":2,\"name\":\"L\u00e4nsirannikon Sprint\"}]},{\"@type\":\"WebSite\",\"@id\":\"https:\\\/\\\/www.turunua.net\\\/site\\\/#website\",\"url\":\"https:\\\/\\\/www.turunua.net\\\/site\\\/\",\"name\":\"Turun Urheiluautoilijat ry\",\"description\":\"\",\"potentialAction\":[{\"@type\":\"SearchAction\",\"target\":{\"@type\":\"EntryPoint\",\"urlTemplate\":\"https:\\\/\\\/www.turunua.net\\\/site\\\/?s={search_term_string}\"},\"query-input\":{\"@type\":\"PropertyValueSpecification\",\"valueRequired\":true,\"valueName\":\"search_term_string\"}}],\"inLanguage\":\"fi\"}]}<\/script>\n<!-- \/ Yoast SEO plugin. -->","yoast_head_json":{"title":"L\u00e4nsirannikon Sprint - Turun Urheiluautoilijat ry","robots":{"index":"index","follow":"follow","max-snippet":"max-snippet:-1","max-image-preview":"max-image-preview:large","max-video-preview":"max-video-preview:-1"},"canonical":"https:\/\/www.turunua.net\/site\/sprint\/","og_locale":"fi_FI","og_type":"article","og_title":"L\u00e4nsirannikon Sprint - Turun Urheiluautoilijat ry","og_description":"Katso kilpailun k\u00e4siohjelma t\u00e4st\u00e4. SM L\u00e4nsirannikon Rallisprint, SM-sarja alkaa 25.1.2025 Marttilassa Turun Urheiluautoilijat j\u00e4rjest\u00e4v\u00e4t kaksip\u00e4iv\u00e4isen kilpailuviikonlopun L\u00e4nsirannikon Sprintin 24.-25.1.2026 Marttilassa, Erkka Korpiaho Racing Circuitilla. Kilpailuviikonloppu aloittaa SM Rallisprintin kauden. Lauantaina 24.1. ajetaan Crosskartien kansallinen kilpailu ja sunnuntaina 25.1. kilpaillaan Rallisprintin &hellip; Lue loppuun &rarr;","og_url":"https:\/\/www.turunua.net\/site\/sprint\/","og_site_name":"Turun Urheiluautoilijat ry","article_modified_time":"2026-02-08T12:21:18+00:00","og_image":[{"width":1500,"height":2123,"url":"https:\/\/www.turunua.net\/site\/wp-content\/uploads\/2026\/01\/RS-SM-TUA-2026.jpg","type":"image\/jpeg"}],"twitter_card":"summary_large_image","twitter_misc":{"Arvioitu lukuaika":"2 minuuttia"},"schema":{"@context":"https:\/\/schema.org","@graph":[{"@type":"WebPage","@id":"https:\/\/www.turunua.net\/site\/sprint\/","url":"https:\/\/www.turunua.net\/site\/sprint\/","name":"L\u00e4nsirannikon Sprint - Turun Urheiluautoilijat ry","isPartOf":{"@id":"https:\/\/www.turunua.net\/site\/#website"},"primaryImageOfPage":{"@id":"https:\/\/www.turunua.net\/site\/sprint\/#primaryimage"},"image":{"@id":"https:\/\/www.turunua.net\/site\/sprint\/#primaryimage"},"thumbnailUrl":"https:\/\/www.turunua.net\/site\/wp-content\/uploads\/2026\/01\/RS-SM-TUA-2026.jpg","datePublished":"2024-12-13T10:57:22+00:00","dateModified":"2026-02-08T12:21:18+00:00","breadcrumb":{"@id":"https:\/\/www.turunua.net\/site\/sprint\/#breadcrumb"},"inLanguage":"fi","potentialAction":[{"@type":"ReadAction","target":["https:\/\/www.turunua.net\/site\/sprint\/"]}]},{"@type":"ImageObject","inLanguage":"fi","@id":"https:\/\/www.turunua.net\/site\/sprint\/#primaryimage","url":"https:\/\/www.turunua.net\/site\/wp-content\/uploads\/2026\/01\/RS-SM-TUA-2026.jpg","contentUrl":"https:\/\/www.turunua.net\/site\/wp-content\/uploads\/2026\/01\/RS-SM-TUA-2026.jpg","width":1500,"height":2123},{"@type":"BreadcrumbList","@id":"https:\/\/www.turunua.net\/site\/sprint\/#breadcrumb","itemListElement":[{"@type":"ListItem","position":1,"name":"Etusivu","item":"https:\/\/www.turunua.net\/site\/"},{"@type":"ListItem","position":2,"name":"L\u00e4nsirannikon Sprint"}]},{"@type":"WebSite","@id":"https:\/\/www.turunua.net\/site\/#website","url":"https:\/\/www.turunua.net\/site\/","name":"Turun Urheiluautoilijat ry","description":"","potentialAction":[{"@type":"SearchAction","target":{"@type":"EntryPoint","urlTemplate":"https:\/\/www.turunua.net\/site\/?s={search_term_string}"},"query-input":{"@type":"PropertyValueSpecification","valueRequired":true,"valueName":"search_term_string"}}],"inLanguage":"fi"}]}},"_links":{"self":[{"href":"https:\/\/www.turunua.net\/site\/wp-json\/wp\/v2\/pages\/1444","targetHints":{"allow":["GET"]}}],"collection":[{"href":"https:\/\/www.turunua.net\/site\/wp-json\/wp\/v2\/pages"}],"about":[{"href":"https:\/\/www.turunua.net\/site\/wp-json\/wp\/v2\/types\/page"}],"author":[{"embeddable":true,"href":"https:\/\/www.turunua.net\/site\/wp-json\/wp\/v2\/users\/4"}],"replies":[{"embeddable":true,"href":"https:\/\/www.turunua.net\/site\/wp-json\/wp\/v2\/comments?post=1444"}],"version-history":[{"count":10,"href":"https:\/\/www.turunua.net\/site\/wp-json\/wp\/v2\/pages\/1444\/revisions"}],"predecessor-version":[{"id":2059,"href":"https:\/\/www.turunua.net\/site\/wp-json\/wp\/v2\/pages\/1444\/revisions\/2059"}],"wp:attachment":[{"href":"https:\/\/www.turunua.net\/site\/wp-json\/wp\/v2\/media?parent=1444"}],"curies":[{"name":"wp","href":"https:\/\/api.w.org\/{rel}","templated":true}]}}