{"id":150,"date":"2020-12-09T11:59:03","date_gmt":"2020-12-09T09:59:03","guid":{"rendered":"http:\/\/www.turunua.net\/site\/?page_id=150"},"modified":"2023-08-21T22:35:30","modified_gmt":"2023-08-21T19:35:30","slug":"m8-rata","status":"publish","type":"page","link":"https:\/\/www.turunua.net\/site\/m8-rata\/","title":{"rendered":"M8-rata"},"content":{"rendered":"<h2><strong>Yleist\u00e4 tietoa radasta ja sen k\u00e4ytt\u00e4misest\u00e4<\/strong><\/h2>\n<p><img loading=\"lazy\" decoding=\"async\" class=\"alignleft wp-image-158 size-full\" src=\"https:\/\/www.turunua.net\/site\/wp-content\/uploads\/2020\/12\/M8SM2016.jpg\" alt=\"\" width=\"2048\" height=\"1370\" srcset=\"https:\/\/www.turunua.net\/site\/wp-content\/uploads\/2020\/12\/M8SM2016.jpg 2048w, https:\/\/www.turunua.net\/site\/wp-content\/uploads\/2020\/12\/M8SM2016-300x201.jpg 300w, https:\/\/www.turunua.net\/site\/wp-content\/uploads\/2020\/12\/M8SM2016-1024x685.jpg 1024w, https:\/\/www.turunua.net\/site\/wp-content\/uploads\/2020\/12\/M8SM2016-768x514.jpg 768w, https:\/\/www.turunua.net\/site\/wp-content\/uploads\/2020\/12\/M8SM2016-1536x1028.jpg 1536w\" sizes=\"auto, (max-width: 2048px) 100vw, 2048px\" \/><\/p>\n<p><strong>Miss\u00e4?<\/strong><br \/>\nJyrkk\u00e4l\u00e4n RO rata sijaitsee Turussa, Jyrkk\u00e4l\u00e4n nuorisotalon vieress\u00e4, Naantalin pikatien ja Suikkilantien risteyksess\u00e4 (<a href=\"https:\/\/maps.google.com\/maps?q=60.460307,22.196199&amp;num=1&amp;t=m&amp;z=16\" target=\"_blank\" rel=\"noopener noreferrer\">kartta<\/a>)<\/p>\n<p><strong>Miten j\u00e4seneksi?<\/strong><br \/>\nT\u00e4ytt\u00e4m\u00e4ll\u00e4 j\u00e4senhakemus <a href=\"https:\/\/www.turunua.net\/site\/jaseneksi\/\">t\u00e4\u00e4ll\u00e4<\/a>. J\u00e4senanomuksesi k\u00e4sitell\u00e4\u00e4n seuraavassa hallituksen kokouksessa, j\u00e4senmaksulaskun saat s\u00e4hk\u00f6postitse. Maksettuasi laskun, j\u00e4senyys on voimassa. Kuittia tai todistusta vastaan saat ratakortin radalta.<\/p>\n<p><strong>Mill\u00e4 saa ajaa?<\/strong><br \/>\nRadalla saa k\u00e4ytt\u00e4\u00e4 pienoisautoja kokoluokassa 1\/8 ja sit\u00e4 pienemm\u00e4t.<\/p>\n<p><strong>Aukioloajat?<\/strong><br \/>\nAktiivij\u00e4senet pyrkiv\u00e4t olemaan paikalla ainakin tiistai-iltaisin klo 18.00-20.00. N\u00e4in\u00e4 ajankohtina autamme aloittelijoita, annamme lis\u00e4tietoa harrastuksesta ja pid\u00e4mme kerhokisoja.<\/p>\n<p><strong>Ratamaksut<\/strong><br \/>\n&#8211; Kertamaksu 20\u20ac \/ p\u00e4iv\u00e4<br \/>\n&#8211; TUA:n j\u00e4senille kausimaksu 160\u20ac<br \/>\n&#8211; TUA:n j\u00e4senille aktiivisesti radan kunnostamiseen ja talkoiluun osallistuville kausimaksu 60\u20ac<\/p>\n<h2><strong>J\u00e4rjestyss\u00e4\u00e4nn\u00f6t<\/strong><\/h2>\n<p><strong>Turvallisuus<\/strong><br \/>\nJokainen radalla oleskeleva on vastuussa itsest\u00e4\u00e4n ja kalustostaan toisin sanoen jokainen harrastaa omalla vastuullaan.<br \/>\nJokaisen radalla oleskelevan on otettava huomioon toisten ihmisten turvallisuus ja huomautettava siit\u00e4, mik\u00e4li n\u00e4kee siin\u00e4 puutteita.<br \/>\nLainvastaisilla, vaarallisilla tai vaarallisesti rikkin\u00e4isill\u00e4 harrastusv\u00e4lineist\u00f6ill\u00e4 ajaminen on ehdottomasti kielletty.<\/p>\n<p><strong>Kunnossapito<br \/>\n<\/strong>Rata pidet\u00e4\u00e4n kunnossa radalla harrastavien voimin, eli puhtaasti talkooty\u00f6ll\u00e4. Rata ei kuulu Turun kaupungin eik\u00e4 kenenk\u00e4\u00e4n muunkaan ulkopuolisen instanssin hoidettaviin alueisiin. Radan k\u00e4ytt\u00e4j\u00e4n tulee s\u00e4\u00e4nn\u00f6llisesti osallistua j\u00e4rjestett\u00e4viin kunnossapitotalkoisiin, n\u00e4ist\u00e4 laistaminen voi ev\u00e4t\u00e4 k\u00e4ytt\u00f6oikeuden joko m\u00e4\u00e4r\u00e4ajaksi tai kokonaan. Omaehtoinen radan kunnostaminen on aina fiksua ja enemm\u00e4n kuin suositeltavaa.<\/p>\n<p><strong>J\u00e4tehuolto<\/strong><br \/>\nRadalla ei ole varsinaista j\u00e4tehuoltoa, joten kaikki itse tuomasi roskat viet my\u00f6s mukanasi asianmukaiseen ker\u00e4ykseen.<\/p>\n<p><iframe loading=\"lazy\" title=\"Finnish open race profile \ud83d\ude01\ud83d\udc4d\" width=\"584\" height=\"329\" src=\"https:\/\/www.youtube.com\/embed\/-K6Z58_o2Js?feature=oembed\" frameborder=\"0\" allow=\"accelerometer; autoplay; clipboard-write; encrypted-media; gyroscope; picture-in-picture; web-share\" referrerpolicy=\"strict-origin-when-cross-origin\" allowfullscreen><\/iframe><\/p>\n<p><img loading=\"lazy\" decoding=\"async\" class=\"alignleft wp-image-159 size-full\" src=\"https:\/\/www.turunua.net\/site\/wp-content\/uploads\/2020\/12\/FINNISHOPEN2016.jpg\" alt=\"\" width=\"2048\" height=\"1371\" srcset=\"https:\/\/www.turunua.net\/site\/wp-content\/uploads\/2020\/12\/FINNISHOPEN2016.jpg 2048w, https:\/\/www.turunua.net\/site\/wp-content\/uploads\/2020\/12\/FINNISHOPEN2016-300x201.jpg 300w, https:\/\/www.turunua.net\/site\/wp-content\/uploads\/2020\/12\/FINNISHOPEN2016-1024x686.jpg 1024w, https:\/\/www.turunua.net\/site\/wp-content\/uploads\/2020\/12\/FINNISHOPEN2016-768x514.jpg 768w, https:\/\/www.turunua.net\/site\/wp-content\/uploads\/2020\/12\/FINNISHOPEN2016-1536x1028.jpg 1536w\" sizes=\"auto, (max-width: 2048px) 100vw, 2048px\" \/><\/p>\n","protected":false},"excerpt":{"rendered":"<p>Yleist\u00e4 tietoa radasta ja sen k\u00e4ytt\u00e4misest\u00e4 Miss\u00e4? Jyrkk\u00e4l\u00e4n RO rata sijaitsee Turussa, Jyrkk\u00e4l\u00e4n nuorisotalon vieress\u00e4, Naantalin pikatien ja Suikkilantien risteyksess\u00e4 (kartta) Miten j\u00e4seneksi? T\u00e4ytt\u00e4m\u00e4ll\u00e4 j\u00e4senhakemus t\u00e4\u00e4ll\u00e4. J\u00e4senanomuksesi k\u00e4sitell\u00e4\u00e4n seuraavassa hallituksen kokouksessa, j\u00e4senmaksulaskun saat s\u00e4hk\u00f6postitse. Maksettuasi laskun, j\u00e4senyys on voimassa. Kuittia &hellip; <a href=\"https:\/\/www.turunua.net\/site\/m8-rata\/\">Lue loppuun <span class=\"meta-nav\">&rarr;<\/span><\/a><\/p>\n","protected":false},"author":4,"featured_media":0,"parent":0,"menu_order":0,"comment_status":"closed","ping_status":"closed","template":"","meta":{"footnotes":""},"class_list":["post-150","page","type-page","status-publish","hentry"],"yoast_head":"<!-- This site is optimized with the Yoast SEO plugin v27.5 - https:\/\/yoast.com\/product\/yoast-seo-wordpress\/ -->\n<title>M8-rata - Turun Urheiluautoilijat ry<\/title>\n<meta name=\"robots\" content=\"index, follow, max-snippet:-1, max-image-preview:large, max-video-preview:-1\" \/>\n<link rel=\"canonical\" href=\"https:\/\/www.turunua.net\/site\/m8-rata\/\" \/>\n<meta property=\"og:locale\" content=\"fi_FI\" \/>\n<meta property=\"og:type\" content=\"article\" \/>\n<meta property=\"og:title\" content=\"M8-rata - Turun Urheiluautoilijat ry\" \/>\n<meta property=\"og:description\" content=\"Yleist\u00e4 tietoa radasta ja sen k\u00e4ytt\u00e4misest\u00e4 Miss\u00e4? Jyrkk\u00e4l\u00e4n RO rata sijaitsee Turussa, Jyrkk\u00e4l\u00e4n nuorisotalon vieress\u00e4, Naantalin pikatien ja Suikkilantien risteyksess\u00e4 (kartta) Miten j\u00e4seneksi? T\u00e4ytt\u00e4m\u00e4ll\u00e4 j\u00e4senhakemus t\u00e4\u00e4ll\u00e4. J\u00e4senanomuksesi k\u00e4sitell\u00e4\u00e4n seuraavassa hallituksen kokouksessa, j\u00e4senmaksulaskun saat s\u00e4hk\u00f6postitse. Maksettuasi laskun, j\u00e4senyys on voimassa. Kuittia &hellip; Lue loppuun &rarr;\" \/>\n<meta property=\"og:url\" content=\"https:\/\/www.turunua.net\/site\/m8-rata\/\" \/>\n<meta property=\"og:site_name\" content=\"Turun Urheiluautoilijat ry\" \/>\n<meta property=\"article:modified_time\" content=\"2023-08-21T19:35:30+00:00\" \/>\n<meta property=\"og:image\" content=\"http:\/\/www.turunua.net\/site\/wp-content\/uploads\/2020\/12\/M8SM2016.jpg\" \/>\n<meta name=\"twitter:card\" content=\"summary_large_image\" \/>\n<meta name=\"twitter:label1\" content=\"Arvioitu lukuaika\" \/>\n\t<meta name=\"twitter:data1\" content=\"2 minuuttia\" \/>\n<script type=\"application\/ld+json\" class=\"yoast-schema-graph\">{\"@context\":\"https:\\\/\\\/schema.org\",\"@graph\":[{\"@type\":\"WebPage\",\"@id\":\"https:\\\/\\\/www.turunua.net\\\/site\\\/m8-rata\\\/\",\"url\":\"https:\\\/\\\/www.turunua.net\\\/site\\\/m8-rata\\\/\",\"name\":\"M8-rata - Turun Urheiluautoilijat ry\",\"isPartOf\":{\"@id\":\"https:\\\/\\\/www.turunua.net\\\/site\\\/#website\"},\"primaryImageOfPage\":{\"@id\":\"https:\\\/\\\/www.turunua.net\\\/site\\\/m8-rata\\\/#primaryimage\"},\"image\":{\"@id\":\"https:\\\/\\\/www.turunua.net\\\/site\\\/m8-rata\\\/#primaryimage\"},\"thumbnailUrl\":\"http:\\\/\\\/www.turunua.net\\\/site\\\/wp-content\\\/uploads\\\/2020\\\/12\\\/M8SM2016.jpg\",\"datePublished\":\"2020-12-09T09:59:03+00:00\",\"dateModified\":\"2023-08-21T19:35:30+00:00\",\"breadcrumb\":{\"@id\":\"https:\\\/\\\/www.turunua.net\\\/site\\\/m8-rata\\\/#breadcrumb\"},\"inLanguage\":\"fi\",\"potentialAction\":[{\"@type\":\"ReadAction\",\"target\":[\"https:\\\/\\\/www.turunua.net\\\/site\\\/m8-rata\\\/\"]}]},{\"@type\":\"ImageObject\",\"inLanguage\":\"fi\",\"@id\":\"https:\\\/\\\/www.turunua.net\\\/site\\\/m8-rata\\\/#primaryimage\",\"url\":\"https:\\\/\\\/www.turunua.net\\\/site\\\/wp-content\\\/uploads\\\/2020\\\/12\\\/M8SM2016.jpg\",\"contentUrl\":\"https:\\\/\\\/www.turunua.net\\\/site\\\/wp-content\\\/uploads\\\/2020\\\/12\\\/M8SM2016.jpg\",\"width\":2048,\"height\":1370},{\"@type\":\"BreadcrumbList\",\"@id\":\"https:\\\/\\\/www.turunua.net\\\/site\\\/m8-rata\\\/#breadcrumb\",\"itemListElement\":[{\"@type\":\"ListItem\",\"position\":1,\"name\":\"Etusivu\",\"item\":\"https:\\\/\\\/www.turunua.net\\\/site\\\/\"},{\"@type\":\"ListItem\",\"position\":2,\"name\":\"M8-rata\"}]},{\"@type\":\"WebSite\",\"@id\":\"https:\\\/\\\/www.turunua.net\\\/site\\\/#website\",\"url\":\"https:\\\/\\\/www.turunua.net\\\/site\\\/\",\"name\":\"Turun Urheiluautoilijat ry\",\"description\":\"\",\"potentialAction\":[{\"@type\":\"SearchAction\",\"target\":{\"@type\":\"EntryPoint\",\"urlTemplate\":\"https:\\\/\\\/www.turunua.net\\\/site\\\/?s={search_term_string}\"},\"query-input\":{\"@type\":\"PropertyValueSpecification\",\"valueRequired\":true,\"valueName\":\"search_term_string\"}}],\"inLanguage\":\"fi\"}]}<\/script>\n<!-- \/ Yoast SEO plugin. -->","yoast_head_json":{"title":"M8-rata - Turun Urheiluautoilijat ry","robots":{"index":"index","follow":"follow","max-snippet":"max-snippet:-1","max-image-preview":"max-image-preview:large","max-video-preview":"max-video-preview:-1"},"canonical":"https:\/\/www.turunua.net\/site\/m8-rata\/","og_locale":"fi_FI","og_type":"article","og_title":"M8-rata - Turun Urheiluautoilijat ry","og_description":"Yleist\u00e4 tietoa radasta ja sen k\u00e4ytt\u00e4misest\u00e4 Miss\u00e4? Jyrkk\u00e4l\u00e4n RO rata sijaitsee Turussa, Jyrkk\u00e4l\u00e4n nuorisotalon vieress\u00e4, Naantalin pikatien ja Suikkilantien risteyksess\u00e4 (kartta) Miten j\u00e4seneksi? T\u00e4ytt\u00e4m\u00e4ll\u00e4 j\u00e4senhakemus t\u00e4\u00e4ll\u00e4. J\u00e4senanomuksesi k\u00e4sitell\u00e4\u00e4n seuraavassa hallituksen kokouksessa, j\u00e4senmaksulaskun saat s\u00e4hk\u00f6postitse. Maksettuasi laskun, j\u00e4senyys on voimassa. Kuittia &hellip; Lue loppuun &rarr;","og_url":"https:\/\/www.turunua.net\/site\/m8-rata\/","og_site_name":"Turun Urheiluautoilijat ry","article_modified_time":"2023-08-21T19:35:30+00:00","og_image":[{"url":"http:\/\/www.turunua.net\/site\/wp-content\/uploads\/2020\/12\/M8SM2016.jpg","type":"","width":"","height":""}],"twitter_card":"summary_large_image","twitter_misc":{"Arvioitu lukuaika":"2 minuuttia"},"schema":{"@context":"https:\/\/schema.org","@graph":[{"@type":"WebPage","@id":"https:\/\/www.turunua.net\/site\/m8-rata\/","url":"https:\/\/www.turunua.net\/site\/m8-rata\/","name":"M8-rata - Turun Urheiluautoilijat ry","isPartOf":{"@id":"https:\/\/www.turunua.net\/site\/#website"},"primaryImageOfPage":{"@id":"https:\/\/www.turunua.net\/site\/m8-rata\/#primaryimage"},"image":{"@id":"https:\/\/www.turunua.net\/site\/m8-rata\/#primaryimage"},"thumbnailUrl":"http:\/\/www.turunua.net\/site\/wp-content\/uploads\/2020\/12\/M8SM2016.jpg","datePublished":"2020-12-09T09:59:03+00:00","dateModified":"2023-08-21T19:35:30+00:00","breadcrumb":{"@id":"https:\/\/www.turunua.net\/site\/m8-rata\/#breadcrumb"},"inLanguage":"fi","potentialAction":[{"@type":"ReadAction","target":["https:\/\/www.turunua.net\/site\/m8-rata\/"]}]},{"@type":"ImageObject","inLanguage":"fi","@id":"https:\/\/www.turunua.net\/site\/m8-rata\/#primaryimage","url":"https:\/\/www.turunua.net\/site\/wp-content\/uploads\/2020\/12\/M8SM2016.jpg","contentUrl":"https:\/\/www.turunua.net\/site\/wp-content\/uploads\/2020\/12\/M8SM2016.jpg","width":2048,"height":1370},{"@type":"BreadcrumbList","@id":"https:\/\/www.turunua.net\/site\/m8-rata\/#breadcrumb","itemListElement":[{"@type":"ListItem","position":1,"name":"Etusivu","item":"https:\/\/www.turunua.net\/site\/"},{"@type":"ListItem","position":2,"name":"M8-rata"}]},{"@type":"WebSite","@id":"https:\/\/www.turunua.net\/site\/#website","url":"https:\/\/www.turunua.net\/site\/","name":"Turun Urheiluautoilijat ry","description":"","potentialAction":[{"@type":"SearchAction","target":{"@type":"EntryPoint","urlTemplate":"https:\/\/www.turunua.net\/site\/?s={search_term_string}"},"query-input":{"@type":"PropertyValueSpecification","valueRequired":true,"valueName":"search_term_string"}}],"inLanguage":"fi"}]}},"_links":{"self":[{"href":"https:\/\/www.turunua.net\/site\/wp-json\/wp\/v2\/pages\/150","targetHints":{"allow":["GET"]}}],"collection":[{"href":"https:\/\/www.turunua.net\/site\/wp-json\/wp\/v2\/pages"}],"about":[{"href":"https:\/\/www.turunua.net\/site\/wp-json\/wp\/v2\/types\/page"}],"author":[{"embeddable":true,"href":"https:\/\/www.turunua.net\/site\/wp-json\/wp\/v2\/users\/4"}],"replies":[{"embeddable":true,"href":"https:\/\/www.turunua.net\/site\/wp-json\/wp\/v2\/comments?post=150"}],"version-history":[{"count":12,"href":"https:\/\/www.turunua.net\/site\/wp-json\/wp\/v2\/pages\/150\/revisions"}],"predecessor-version":[{"id":998,"href":"https:\/\/www.turunua.net\/site\/wp-json\/wp\/v2\/pages\/150\/revisions\/998"}],"wp:attachment":[{"href":"https:\/\/www.turunua.net\/site\/wp-json\/wp\/v2\/media?parent=150"}],"curies":[{"name":"wp","href":"https:\/\/api.w.org\/{rel}","templated":true}]}}