{"id":304,"date":"2021-08-05T00:48:08","date_gmt":"2021-08-04T21:48:08","guid":{"rendered":"http:\/\/www.turunua.net\/site\/?page_id=304"},"modified":"2026-01-04T19:28:09","modified_gmt":"2026-01-04T17:28:09","slug":"lajit-jaokset","status":"publish","type":"page","link":"https:\/\/www.turunua.net\/site\/lajit-jaokset\/","title":{"rendered":"Lajit &#038; jaostot"},"content":{"rendered":"\r\n<p class=\"has-medium-font-size\"><strong>Yhteystiedot 2026<\/strong><\/p>\r\n\r\n\r\n\r\n<figure class=\"wp-block-table is-style-stripes\">\r\n<table>\r\n<tbody>\r\n<tr>\r\n<td>Ralli &amp; Nopeus<\/td>\r\n<td>Mika Kokko<\/td>\r\n<td>0400 526 006<\/td>\r\n<\/tr>\r\n<tr>\r\n<td>Ralli &amp; Nopeus<\/td>\r\n<td>Juha Koskinen<\/td>\r\n<td>041 502 5433<\/td>\r\n<\/tr>\r\n<tr>\r\n<td>Pienoisautoilu<\/td>\r\n<td>Janne Luotonen<\/td>\r\n<td>040 7629 293<\/td>\r\n<\/tr>\r\n<tr>\r\n<td>Digitaalinen<br \/>autourheilu<\/td>\r\n<td>Joonas Rintam\u00e4ki<\/td>\r\n<td>050 363 1777<\/td>\r\n<\/tr>\r\n<tr>\r\n<td>TUA Kilta<\/td>\r\n<td>Ari Koskinen<\/td>\r\n<td>050 561 9145<\/td>\r\n<\/tr>\r\n<\/tbody>\r\n<\/table>\r\n<\/figure>\r\n\r\n\r\n\r\n<p>S\u00e4hk\u00f6postiosoitteet ovat muotoa etunimi.sukunimi@turunua.net<\/p>\r\n","protected":false},"excerpt":{"rendered":"<p>Yhteystiedot 2026 Ralli &amp; Nopeus Mika Kokko 0400 526 006 Ralli &amp; Nopeus Juha Koskinen 041 502 5433 Pienoisautoilu Janne Luotonen 040 7629 293 Digitaalinenautourheilu Joonas Rintam\u00e4ki 050 363 1777 TUA Kilta Ari Koskinen 050 561 9145 S\u00e4hk\u00f6postiosoitteet ovat muotoa &hellip; <a href=\"https:\/\/www.turunua.net\/site\/lajit-jaokset\/\">Lue loppuun <span class=\"meta-nav\">&rarr;<\/span><\/a><\/p>\n","protected":false},"author":4,"featured_media":0,"parent":0,"menu_order":0,"comment_status":"closed","ping_status":"closed","template":"","meta":{"footnotes":""},"class_list":["post-304","page","type-page","status-publish","hentry"],"yoast_head":"<!-- This site is optimized with the Yoast SEO plugin v27.5 - https:\/\/yoast.com\/product\/yoast-seo-wordpress\/ -->\n<title>Lajit &amp; jaostot - Turun Urheiluautoilijat ry<\/title>\n<meta name=\"robots\" content=\"index, follow, max-snippet:-1, max-image-preview:large, max-video-preview:-1\" \/>\n<link rel=\"canonical\" href=\"https:\/\/www.turunua.net\/site\/lajit-jaokset\/\" \/>\n<meta property=\"og:locale\" content=\"fi_FI\" \/>\n<meta property=\"og:type\" content=\"article\" \/>\n<meta property=\"og:title\" content=\"Lajit &amp; jaostot - Turun Urheiluautoilijat ry\" \/>\n<meta property=\"og:description\" content=\"Yhteystiedot 2026 Ralli &amp; Nopeus Mika Kokko 0400 526 006 Ralli &amp; Nopeus Juha Koskinen 041 502 5433 Pienoisautoilu Janne Luotonen 040 7629 293 Digitaalinenautourheilu Joonas Rintam\u00e4ki 050 363 1777 TUA Kilta Ari Koskinen 050 561 9145 S\u00e4hk\u00f6postiosoitteet ovat muotoa &hellip; Lue loppuun &rarr;\" \/>\n<meta property=\"og:url\" content=\"https:\/\/www.turunua.net\/site\/lajit-jaokset\/\" \/>\n<meta property=\"og:site_name\" content=\"Turun Urheiluautoilijat ry\" \/>\n<meta property=\"article:modified_time\" content=\"2026-01-04T17:28:09+00:00\" \/>\n<meta name=\"twitter:card\" content=\"summary_large_image\" \/>\n<meta name=\"twitter:label1\" content=\"Arvioitu lukuaika\" \/>\n\t<meta name=\"twitter:data1\" content=\"1 minuutti\" \/>\n<script type=\"application\/ld+json\" class=\"yoast-schema-graph\">{\"@context\":\"https:\\\/\\\/schema.org\",\"@graph\":[{\"@type\":\"WebPage\",\"@id\":\"https:\\\/\\\/www.turunua.net\\\/site\\\/lajit-jaokset\\\/\",\"url\":\"https:\\\/\\\/www.turunua.net\\\/site\\\/lajit-jaokset\\\/\",\"name\":\"Lajit & jaostot - Turun Urheiluautoilijat ry\",\"isPartOf\":{\"@id\":\"https:\\\/\\\/www.turunua.net\\\/site\\\/#website\"},\"datePublished\":\"2021-08-04T21:48:08+00:00\",\"dateModified\":\"2026-01-04T17:28:09+00:00\",\"breadcrumb\":{\"@id\":\"https:\\\/\\\/www.turunua.net\\\/site\\\/lajit-jaokset\\\/#breadcrumb\"},\"inLanguage\":\"fi\",\"potentialAction\":[{\"@type\":\"ReadAction\",\"target\":[\"https:\\\/\\\/www.turunua.net\\\/site\\\/lajit-jaokset\\\/\"]}]},{\"@type\":\"BreadcrumbList\",\"@id\":\"https:\\\/\\\/www.turunua.net\\\/site\\\/lajit-jaokset\\\/#breadcrumb\",\"itemListElement\":[{\"@type\":\"ListItem\",\"position\":1,\"name\":\"Etusivu\",\"item\":\"https:\\\/\\\/www.turunua.net\\\/site\\\/\"},{\"@type\":\"ListItem\",\"position\":2,\"name\":\"Lajit &#038; jaostot\"}]},{\"@type\":\"WebSite\",\"@id\":\"https:\\\/\\\/www.turunua.net\\\/site\\\/#website\",\"url\":\"https:\\\/\\\/www.turunua.net\\\/site\\\/\",\"name\":\"Turun Urheiluautoilijat ry\",\"description\":\"\",\"potentialAction\":[{\"@type\":\"SearchAction\",\"target\":{\"@type\":\"EntryPoint\",\"urlTemplate\":\"https:\\\/\\\/www.turunua.net\\\/site\\\/?s={search_term_string}\"},\"query-input\":{\"@type\":\"PropertyValueSpecification\",\"valueRequired\":true,\"valueName\":\"search_term_string\"}}],\"inLanguage\":\"fi\"}]}<\/script>\n<!-- \/ Yoast SEO plugin. -->","yoast_head_json":{"title":"Lajit & jaostot - Turun Urheiluautoilijat ry","robots":{"index":"index","follow":"follow","max-snippet":"max-snippet:-1","max-image-preview":"max-image-preview:large","max-video-preview":"max-video-preview:-1"},"canonical":"https:\/\/www.turunua.net\/site\/lajit-jaokset\/","og_locale":"fi_FI","og_type":"article","og_title":"Lajit & jaostot - Turun Urheiluautoilijat ry","og_description":"Yhteystiedot 2026 Ralli &amp; Nopeus Mika Kokko 0400 526 006 Ralli &amp; Nopeus Juha Koskinen 041 502 5433 Pienoisautoilu Janne Luotonen 040 7629 293 Digitaalinenautourheilu Joonas Rintam\u00e4ki 050 363 1777 TUA Kilta Ari Koskinen 050 561 9145 S\u00e4hk\u00f6postiosoitteet ovat muotoa &hellip; Lue loppuun &rarr;","og_url":"https:\/\/www.turunua.net\/site\/lajit-jaokset\/","og_site_name":"Turun Urheiluautoilijat ry","article_modified_time":"2026-01-04T17:28:09+00:00","twitter_card":"summary_large_image","twitter_misc":{"Arvioitu lukuaika":"1 minuutti"},"schema":{"@context":"https:\/\/schema.org","@graph":[{"@type":"WebPage","@id":"https:\/\/www.turunua.net\/site\/lajit-jaokset\/","url":"https:\/\/www.turunua.net\/site\/lajit-jaokset\/","name":"Lajit & jaostot - Turun Urheiluautoilijat ry","isPartOf":{"@id":"https:\/\/www.turunua.net\/site\/#website"},"datePublished":"2021-08-04T21:48:08+00:00","dateModified":"2026-01-04T17:28:09+00:00","breadcrumb":{"@id":"https:\/\/www.turunua.net\/site\/lajit-jaokset\/#breadcrumb"},"inLanguage":"fi","potentialAction":[{"@type":"ReadAction","target":["https:\/\/www.turunua.net\/site\/lajit-jaokset\/"]}]},{"@type":"BreadcrumbList","@id":"https:\/\/www.turunua.net\/site\/lajit-jaokset\/#breadcrumb","itemListElement":[{"@type":"ListItem","position":1,"name":"Etusivu","item":"https:\/\/www.turunua.net\/site\/"},{"@type":"ListItem","position":2,"name":"Lajit &#038; jaostot"}]},{"@type":"WebSite","@id":"https:\/\/www.turunua.net\/site\/#website","url":"https:\/\/www.turunua.net\/site\/","name":"Turun Urheiluautoilijat ry","description":"","potentialAction":[{"@type":"SearchAction","target":{"@type":"EntryPoint","urlTemplate":"https:\/\/www.turunua.net\/site\/?s={search_term_string}"},"query-input":{"@type":"PropertyValueSpecification","valueRequired":true,"valueName":"search_term_string"}}],"inLanguage":"fi"}]}},"_links":{"self":[{"href":"https:\/\/www.turunua.net\/site\/wp-json\/wp\/v2\/pages\/304","targetHints":{"allow":["GET"]}}],"collection":[{"href":"https:\/\/www.turunua.net\/site\/wp-json\/wp\/v2\/pages"}],"about":[{"href":"https:\/\/www.turunua.net\/site\/wp-json\/wp\/v2\/types\/page"}],"author":[{"embeddable":true,"href":"https:\/\/www.turunua.net\/site\/wp-json\/wp\/v2\/users\/4"}],"replies":[{"embeddable":true,"href":"https:\/\/www.turunua.net\/site\/wp-json\/wp\/v2\/comments?post=304"}],"version-history":[{"count":22,"href":"https:\/\/www.turunua.net\/site\/wp-json\/wp\/v2\/pages\/304\/revisions"}],"predecessor-version":[{"id":1957,"href":"https:\/\/www.turunua.net\/site\/wp-json\/wp\/v2\/pages\/304\/revisions\/1957"}],"wp:attachment":[{"href":"https:\/\/www.turunua.net\/site\/wp-json\/wp\/v2\/media?parent=304"}],"curies":[{"name":"wp","href":"https:\/\/api.w.org\/{rel}","templated":true}]}}