{"id":63,"date":"2020-12-08T09:36:48","date_gmt":"2020-12-08T07:36:48","guid":{"rendered":"http:\/\/www.turunua.net\/site\/?page_id=63"},"modified":"2026-01-19T20:02:59","modified_gmt":"2026-01-19T18:02:59","slug":"hakemukset-lomakkeet","status":"publish","type":"page","link":"https:\/\/www.turunua.net\/site\/yhdistys\/hakemukset-lomakkeet\/","title":{"rendered":"Hakemukset &#038; lomakkeet"},"content":{"rendered":"\r\n<h1 class=\"wp-block-heading\">J\u00e4senhakemus<\/h1>\r\n\r\n\r\n\r\n<p>Turun Urheiluautoilijat ry: j\u00e4senmaksut 2025:<\/p>\r\n\r\n\r\n\r\n<p>Aikuisj\u00e4sen 40 \u20ac, alle 15v. 15 \u20ac<\/p>\r\n\r\n\r\n\r\n<p>T\u00e4yt\u00e4, tulosta ja l\u00e4het\u00e4\u00a0<a href=\"http:\/\/www.turunua.net\/web\/images\/lomakkeet\/jasenhakemus2019.pdf\" target=\"_blank\" rel=\"noreferrer noopener\">j\u00e4senhakemuslomake<\/a>\u00a0(.pdf) osoitteella:<\/p>\r\n\r\n\r\n\r\n<p>Turun Urheiluautoilijat ry<br \/>Tiemestarinkatu 8 B 13<br \/>20360 Turku<\/p>\r\n\r\n\r\n\r\n<p>tai s\u00e4hk\u00f6postilla osoitteella\u00a0<a href=\"mailto:jasenkirjuri@turunua.net\">jasenkirjuri@turunua.net<\/a><\/p>\r\n\r\n\r\n\r\n\r\n<hr class=\"wp-block-separator has-css-opacity\" \/>\r\n\r\n\r\n<h1 class=\"wp-block-heading\">Muut lomakkeet<\/h1>\r\n\r\n\r\n\r\n<p><a href=\"https:\/\/www.turunua.net\/site\/wp-content\/uploads\/2024\/06\/matkalaskutua.xls\" target=\"_blank\" rel=\"noreferrer noopener\">Palkkio- ja matkalaskulomake<\/a>\u00a0(.xls)<br \/>L\u00e4het\u00e4 t\u00e4ytetty lomake s\u00e4hk\u00f6postilla osoitteeseen toimisto@turunua.net<\/p>\r\n\r\n\r\n\r\n<p><a href=\"http:\/\/www.turunua.net\/web\/images\/lomakkeet\/Tietosuojaseloste.pdf\" target=\"_blank\" rel=\"noreferrer noopener\">Tietosuojaseloste<\/a>\u00a0(.pdf)<\/p>\r\n","protected":false},"excerpt":{"rendered":"<p>J\u00e4senhakemus Turun Urheiluautoilijat ry: j\u00e4senmaksut 2025: Aikuisj\u00e4sen 40 \u20ac, alle 15v. 15 \u20ac T\u00e4yt\u00e4, tulosta ja l\u00e4het\u00e4\u00a0j\u00e4senhakemuslomake\u00a0(.pdf) osoitteella: Turun Urheiluautoilijat ryTiemestarinkatu 8 B 1320360 Turku tai s\u00e4hk\u00f6postilla osoitteella\u00a0jasenkirjuri@turunua.net Muut lomakkeet Palkkio- ja matkalaskulomake\u00a0(.xls)L\u00e4het\u00e4 t\u00e4ytetty lomake s\u00e4hk\u00f6postilla osoitteeseen toimisto@turunua.net Tietosuojaseloste\u00a0(.pdf)<\/p>\n","protected":false},"author":4,"featured_media":0,"parent":27,"menu_order":0,"comment_status":"closed","ping_status":"closed","template":"","meta":{"footnotes":""},"class_list":["post-63","page","type-page","status-publish","hentry"],"yoast_head":"<!-- This site is optimized with the Yoast SEO plugin v27.5 - https:\/\/yoast.com\/product\/yoast-seo-wordpress\/ -->\n<title>Hakemukset &amp; lomakkeet - Turun Urheiluautoilijat ry<\/title>\n<meta name=\"robots\" content=\"index, follow, max-snippet:-1, max-image-preview:large, max-video-preview:-1\" \/>\n<link rel=\"canonical\" href=\"https:\/\/www.turunua.net\/site\/yhdistys\/hakemukset-lomakkeet\/\" \/>\n<meta property=\"og:locale\" content=\"fi_FI\" \/>\n<meta property=\"og:type\" content=\"article\" \/>\n<meta property=\"og:title\" content=\"Hakemukset &amp; lomakkeet - Turun Urheiluautoilijat ry\" \/>\n<meta property=\"og:description\" content=\"J\u00e4senhakemus Turun Urheiluautoilijat ry: j\u00e4senmaksut 2025: Aikuisj\u00e4sen 40 \u20ac, alle 15v. 15 \u20ac T\u00e4yt\u00e4, tulosta ja l\u00e4het\u00e4\u00a0j\u00e4senhakemuslomake\u00a0(.pdf) osoitteella: Turun Urheiluautoilijat ryTiemestarinkatu 8 B 1320360 Turku tai s\u00e4hk\u00f6postilla osoitteella\u00a0jasenkirjuri@turunua.net Muut lomakkeet Palkkio- ja matkalaskulomake\u00a0(.xls)L\u00e4het\u00e4 t\u00e4ytetty lomake s\u00e4hk\u00f6postilla osoitteeseen toimisto@turunua.net Tietosuojaseloste\u00a0(.pdf)\" \/>\n<meta property=\"og:url\" content=\"https:\/\/www.turunua.net\/site\/yhdistys\/hakemukset-lomakkeet\/\" \/>\n<meta property=\"og:site_name\" content=\"Turun Urheiluautoilijat ry\" \/>\n<meta property=\"article:modified_time\" content=\"2026-01-19T18:02:59+00:00\" \/>\n<meta name=\"twitter:card\" content=\"summary_large_image\" \/>\n<meta name=\"twitter:label1\" content=\"Arvioitu lukuaika\" \/>\n\t<meta name=\"twitter:data1\" content=\"1 minuutti\" \/>\n<script type=\"application\/ld+json\" class=\"yoast-schema-graph\">{\"@context\":\"https:\\\/\\\/schema.org\",\"@graph\":[{\"@type\":\"WebPage\",\"@id\":\"https:\\\/\\\/www.turunua.net\\\/site\\\/yhdistys\\\/hakemukset-lomakkeet\\\/\",\"url\":\"https:\\\/\\\/www.turunua.net\\\/site\\\/yhdistys\\\/hakemukset-lomakkeet\\\/\",\"name\":\"Hakemukset & lomakkeet - Turun Urheiluautoilijat ry\",\"isPartOf\":{\"@id\":\"https:\\\/\\\/www.turunua.net\\\/site\\\/#website\"},\"datePublished\":\"2020-12-08T07:36:48+00:00\",\"dateModified\":\"2026-01-19T18:02:59+00:00\",\"breadcrumb\":{\"@id\":\"https:\\\/\\\/www.turunua.net\\\/site\\\/yhdistys\\\/hakemukset-lomakkeet\\\/#breadcrumb\"},\"inLanguage\":\"fi\",\"potentialAction\":[{\"@type\":\"ReadAction\",\"target\":[\"https:\\\/\\\/www.turunua.net\\\/site\\\/yhdistys\\\/hakemukset-lomakkeet\\\/\"]}]},{\"@type\":\"BreadcrumbList\",\"@id\":\"https:\\\/\\\/www.turunua.net\\\/site\\\/yhdistys\\\/hakemukset-lomakkeet\\\/#breadcrumb\",\"itemListElement\":[{\"@type\":\"ListItem\",\"position\":1,\"name\":\"Etusivu\",\"item\":\"https:\\\/\\\/www.turunua.net\\\/site\\\/\"},{\"@type\":\"ListItem\",\"position\":2,\"name\":\"Yhdistys\",\"item\":\"https:\\\/\\\/www.turunua.net\\\/site\\\/yhdistys\\\/\"},{\"@type\":\"ListItem\",\"position\":3,\"name\":\"Hakemukset &#038; lomakkeet\"}]},{\"@type\":\"WebSite\",\"@id\":\"https:\\\/\\\/www.turunua.net\\\/site\\\/#website\",\"url\":\"https:\\\/\\\/www.turunua.net\\\/site\\\/\",\"name\":\"Turun Urheiluautoilijat ry\",\"description\":\"\",\"potentialAction\":[{\"@type\":\"SearchAction\",\"target\":{\"@type\":\"EntryPoint\",\"urlTemplate\":\"https:\\\/\\\/www.turunua.net\\\/site\\\/?s={search_term_string}\"},\"query-input\":{\"@type\":\"PropertyValueSpecification\",\"valueRequired\":true,\"valueName\":\"search_term_string\"}}],\"inLanguage\":\"fi\"}]}<\/script>\n<!-- \/ Yoast SEO plugin. -->","yoast_head_json":{"title":"Hakemukset & lomakkeet - Turun Urheiluautoilijat ry","robots":{"index":"index","follow":"follow","max-snippet":"max-snippet:-1","max-image-preview":"max-image-preview:large","max-video-preview":"max-video-preview:-1"},"canonical":"https:\/\/www.turunua.net\/site\/yhdistys\/hakemukset-lomakkeet\/","og_locale":"fi_FI","og_type":"article","og_title":"Hakemukset & lomakkeet - Turun Urheiluautoilijat ry","og_description":"J\u00e4senhakemus Turun Urheiluautoilijat ry: j\u00e4senmaksut 2025: Aikuisj\u00e4sen 40 \u20ac, alle 15v. 15 \u20ac T\u00e4yt\u00e4, tulosta ja l\u00e4het\u00e4\u00a0j\u00e4senhakemuslomake\u00a0(.pdf) osoitteella: Turun Urheiluautoilijat ryTiemestarinkatu 8 B 1320360 Turku tai s\u00e4hk\u00f6postilla osoitteella\u00a0jasenkirjuri@turunua.net Muut lomakkeet Palkkio- ja matkalaskulomake\u00a0(.xls)L\u00e4het\u00e4 t\u00e4ytetty lomake s\u00e4hk\u00f6postilla osoitteeseen toimisto@turunua.net Tietosuojaseloste\u00a0(.pdf)","og_url":"https:\/\/www.turunua.net\/site\/yhdistys\/hakemukset-lomakkeet\/","og_site_name":"Turun Urheiluautoilijat ry","article_modified_time":"2026-01-19T18:02:59+00:00","twitter_card":"summary_large_image","twitter_misc":{"Arvioitu lukuaika":"1 minuutti"},"schema":{"@context":"https:\/\/schema.org","@graph":[{"@type":"WebPage","@id":"https:\/\/www.turunua.net\/site\/yhdistys\/hakemukset-lomakkeet\/","url":"https:\/\/www.turunua.net\/site\/yhdistys\/hakemukset-lomakkeet\/","name":"Hakemukset & lomakkeet - Turun Urheiluautoilijat ry","isPartOf":{"@id":"https:\/\/www.turunua.net\/site\/#website"},"datePublished":"2020-12-08T07:36:48+00:00","dateModified":"2026-01-19T18:02:59+00:00","breadcrumb":{"@id":"https:\/\/www.turunua.net\/site\/yhdistys\/hakemukset-lomakkeet\/#breadcrumb"},"inLanguage":"fi","potentialAction":[{"@type":"ReadAction","target":["https:\/\/www.turunua.net\/site\/yhdistys\/hakemukset-lomakkeet\/"]}]},{"@type":"BreadcrumbList","@id":"https:\/\/www.turunua.net\/site\/yhdistys\/hakemukset-lomakkeet\/#breadcrumb","itemListElement":[{"@type":"ListItem","position":1,"name":"Etusivu","item":"https:\/\/www.turunua.net\/site\/"},{"@type":"ListItem","position":2,"name":"Yhdistys","item":"https:\/\/www.turunua.net\/site\/yhdistys\/"},{"@type":"ListItem","position":3,"name":"Hakemukset &#038; lomakkeet"}]},{"@type":"WebSite","@id":"https:\/\/www.turunua.net\/site\/#website","url":"https:\/\/www.turunua.net\/site\/","name":"Turun Urheiluautoilijat ry","description":"","potentialAction":[{"@type":"SearchAction","target":{"@type":"EntryPoint","urlTemplate":"https:\/\/www.turunua.net\/site\/?s={search_term_string}"},"query-input":{"@type":"PropertyValueSpecification","valueRequired":true,"valueName":"search_term_string"}}],"inLanguage":"fi"}]}},"_links":{"self":[{"href":"https:\/\/www.turunua.net\/site\/wp-json\/wp\/v2\/pages\/63","targetHints":{"allow":["GET"]}}],"collection":[{"href":"https:\/\/www.turunua.net\/site\/wp-json\/wp\/v2\/pages"}],"about":[{"href":"https:\/\/www.turunua.net\/site\/wp-json\/wp\/v2\/types\/page"}],"author":[{"embeddable":true,"href":"https:\/\/www.turunua.net\/site\/wp-json\/wp\/v2\/users\/4"}],"replies":[{"embeddable":true,"href":"https:\/\/www.turunua.net\/site\/wp-json\/wp\/v2\/comments?post=63"}],"version-history":[{"count":18,"href":"https:\/\/www.turunua.net\/site\/wp-json\/wp\/v2\/pages\/63\/revisions"}],"predecessor-version":[{"id":1986,"href":"https:\/\/www.turunua.net\/site\/wp-json\/wp\/v2\/pages\/63\/revisions\/1986"}],"up":[{"embeddable":true,"href":"https:\/\/www.turunua.net\/site\/wp-json\/wp\/v2\/pages\/27"}],"wp:attachment":[{"href":"https:\/\/www.turunua.net\/site\/wp-json\/wp\/v2\/media?parent=63"}],"curies":[{"name":"wp","href":"https:\/\/api.w.org\/{rel}","templated":true}]}}